{"id":9,"date":"2018-11-26T12:46:44","date_gmt":"2018-11-26T12:46:44","guid":{"rendered":"http:\/\/localhost\/strona_sp\/projects\/"},"modified":"2021-03-26T11:45:19","modified_gmt":"2021-03-26T10:45:19","slug":"projects","status":"publish","type":"page","link":"https:\/\/spomax.pl\/en\/projects\/","title":{"rendered":"Projekty"},"content":{"rendered":"<div data-elementor-type=\"wp-post\" data-elementor-id=\"9\" class=\"elementor elementor-9\" data-elementor-settings=\"[]\">\n\t\t\t\t\t\t<div class=\"elementor-inner\">\n\t\t\t\t\t\t\t<div class=\"elementor-section-wrap\">\n\t\t\t\t\t\t\t<section class=\"elementor-section elementor-top-section elementor-element elementor-element-7d0b1fd elementor-section-content-middle elementor-section-height-min-height elementor-section-full_width elementor-section-height-default elementor-section-items-middle\" data-id=\"7d0b1fd\" data-element_type=\"section\" data-settings=\"{&quot;background_background&quot;:&quot;classic&quot;}\">\n\t\t\t\t\t\t\t<div class=\"elementor-background-overlay\"><\/div>\n\t\t\t\t\t\t\t<div class=\"elementor-container elementor-column-gap-no\">\n\t\t\t\t\t\t\t<div class=\"elementor-row\">\n\t\t\t\t\t<div class=\"elementor-column elementor-col-100 elementor-top-column elementor-element elementor-element-2365ee4d elementor-invisible\" data-id=\"2365ee4d\" data-element_type=\"column\" data-settings=\"{&quot;animation&quot;:&quot;fadeIn&quot;}\">\n\t\t\t<div class=\"elementor-column-wrap elementor-element-populated\">\n\t\t\t\t\t\t\t<div class=\"elementor-widget-wrap\">\n\t\t\t\t\t\t<div class=\"elementor-element elementor-element-3e363d46 elementor-widget elementor-widget-heading\" data-id=\"3e363d46\" data-element_type=\"widget\" data-widget_type=\"heading.default\">\n\t\t\t\t<div class=\"elementor-widget-container\">\n\t\t\t<h1 class=\"elementor-heading-title elementor-size-default\">Specializations<\/h1>\t\t<\/div>\n\t\t\t\t<\/div>\n\t\t\t\t\t\t<\/div>\n\t\t\t\t\t<\/div>\n\t\t<\/div>\n\t\t\t\t\t\t\t\t<\/div>\n\t\t\t\t\t<\/div>\n\t\t<\/section>\n\t\t\t\t<section class=\"elementor-section elementor-top-section elementor-element elementor-element-dbb521f elementor-section-height-min-height elementor-section-items-stretch elementor-section-boxed elementor-section-height-default elementor-invisible\" data-id=\"dbb521f\" data-element_type=\"section\" data-settings=\"{&quot;animation&quot;:&quot;fadeIn&quot;}\">\n\t\t\t\t\t\t<div class=\"elementor-container elementor-column-gap-no\">\n\t\t\t\t\t\t\t<div class=\"elementor-row\">\n\t\t\t\t\t<div class=\"elementor-column elementor-col-33 elementor-top-column elementor-element elementor-element-d571435\" data-id=\"d571435\" data-element_type=\"column\">\n\t\t\t<div class=\"elementor-column-wrap elementor-element-populated\">\n\t\t\t\t\t\t\t<div class=\"elementor-widget-wrap\">\n\t\t\t\t\t\t<div class=\"elementor-element elementor-element-06069fd elementor-widget elementor-widget-image\" data-id=\"06069fd\" data-element_type=\"widget\" data-widget_type=\"image.default\">\n\t\t\t\t<div class=\"elementor-widget-container\">\n\t\t\t\t\t\t\t\t<div class=\"elementor-image\">\n\t\t\t\t\t\t\t\t\t\t\t\t\t<a href=\"https:\/\/spomax.pl\/en\/design_and_construction\/\">\n\t\t\t\t\t\t\t<img src=\"https:\/\/spomax.pl\/wp-content\/uploads\/elementor\/thumbs\/serwis_i_odbudowa-ovnjpu338upjfd7wque4xmr4og0rgc5k7rts3rb84o.png\" title=\"serwis_i_odbudowa\" alt=\"serwis_i_odbudowa\" class=\"elementor-animation-grow\" \/>\t\t\t\t\t\t\t\t<\/a>\n\t\t\t\t\t\t\t\t\t\t\t\t\t\t<\/div>\n\t\t\t\t\t\t<\/div>\n\t\t\t\t<\/div>\n\t\t\t\t<div class=\"elementor-element elementor-element-de1eacf elementor-widget elementor-widget-heading\" data-id=\"de1eacf\" data-element_type=\"widget\" data-widget_type=\"heading.default\">\n\t\t\t\t<div class=\"elementor-widget-container\">\n\t\t\t<h4 class=\"elementor-heading-title elementor-size-default\">DESIGN AND CONSTRUCTION OF COMPLETE MILLING SYSTEMS<\/h4>\t\t<\/div>\n\t\t\t\t<\/div>\n\t\t\t\t\t\t<\/div>\n\t\t\t\t\t<\/div>\n\t\t<\/div>\n\t\t\t\t<div class=\"elementor-column elementor-col-33 elementor-top-column elementor-element elementor-element-ba70ad7\" data-id=\"ba70ad7\" data-element_type=\"column\">\n\t\t\t<div class=\"elementor-column-wrap elementor-element-populated\">\n\t\t\t\t\t\t\t<div class=\"elementor-widget-wrap\">\n\t\t\t\t\t\t<div class=\"elementor-element elementor-element-d0602ea elementor-widget elementor-widget-image\" data-id=\"d0602ea\" data-element_type=\"widget\" data-widget_type=\"image.default\">\n\t\t\t\t<div class=\"elementor-widget-container\">\n\t\t\t\t\t\t\t\t<div class=\"elementor-image\">\n\t\t\t\t\t\t\t\t\t\t\t\t\t<a href=\"https:\/\/spomax.pl\/en\/equipment_for\/\">\n\t\t\t\t\t\t\t<img src=\"https:\/\/spomax.pl\/wp-content\/uploads\/elementor\/thumbs\/wyposazenie-ovnjtwpwx782aludyqvvf1wgdq8e6evwxujw6cgx7s.png\" title=\"wyposazenie\" alt=\"wyposazenie\" class=\"elementor-animation-grow\" \/>\t\t\t\t\t\t\t\t<\/a>\n\t\t\t\t\t\t\t\t\t\t\t\t\t\t<\/div>\n\t\t\t\t\t\t<\/div>\n\t\t\t\t<\/div>\n\t\t\t\t<div class=\"elementor-element elementor-element-d3b65ac elementor-widget elementor-widget-heading\" data-id=\"d3b65ac\" data-element_type=\"widget\" data-widget_type=\"heading.default\">\n\t\t\t\t<div class=\"elementor-widget-container\">\n\t\t\t<h4 class=\"elementor-heading-title elementor-size-default\">EQUIPMENT FOR THE FOOD, ENERGY, CHEMICAL INDUSTRIES AND ENVIRONMENTAL PROTECTION<\/h4>\t\t<\/div>\n\t\t\t\t<\/div>\n\t\t\t\t\t\t<\/div>\n\t\t\t\t\t<\/div>\n\t\t<\/div>\n\t\t\t\t<div class=\"elementor-column elementor-col-33 elementor-top-column elementor-element elementor-element-a32f5a6\" data-id=\"a32f5a6\" data-element_type=\"column\">\n\t\t\t<div class=\"elementor-column-wrap elementor-element-populated\">\n\t\t\t\t\t\t\t<div class=\"elementor-widget-wrap\">\n\t\t\t\t\t\t<div class=\"elementor-element elementor-element-d6ef293 elementor-widget elementor-widget-image\" data-id=\"d6ef293\" data-element_type=\"widget\" data-widget_type=\"image.default\">\n\t\t\t\t<div class=\"elementor-widget-container\">\n\t\t\t\t\t\t\t\t<div class=\"elementor-image\">\n\t\t\t\t\t\t\t\t\t\t\t\t\t<a href=\"https:\/\/spomax.pl\/en\/roots_blowers\/\">\n\t\t\t\t\t\t\t<img src=\"https:\/\/spomax.pl\/wp-content\/uploads\/elementor\/thumbs\/dmuchawy-ovnio4s5ik3btb5l4om17b22wlr6xxs96lp29zinmw.png\" title=\"dmuchawy\" alt=\"dmuchawy\" class=\"elementor-animation-grow\" \/>\t\t\t\t\t\t\t\t<\/a>\n\t\t\t\t\t\t\t\t\t\t\t\t\t\t<\/div>\n\t\t\t\t\t\t<\/div>\n\t\t\t\t<\/div>\n\t\t\t\t<div class=\"elementor-element elementor-element-de4d53a elementor-widget elementor-widget-heading\" data-id=\"de4d53a\" data-element_type=\"widget\" data-widget_type=\"heading.default\">\n\t\t\t\t<div class=\"elementor-widget-container\">\n\t\t\t<h4 class=\"elementor-heading-title elementor-size-default\">ROOTS BLOWERS<\/h4>\t\t<\/div>\n\t\t\t\t<\/div>\n\t\t\t\t\t\t<\/div>\n\t\t\t\t\t<\/div>\n\t\t<\/div>\n\t\t\t\t\t\t\t\t<\/div>\n\t\t\t\t\t<\/div>\n\t\t<\/section>\n\t\t\t\t<section class=\"elementor-section elementor-top-section elementor-element elementor-element-2ba8392 elementor-section-height-min-height elementor-section-items-stretch elementor-section-boxed elementor-section-height-default elementor-invisible\" data-id=\"2ba8392\" data-element_type=\"section\" data-settings=\"{&quot;animation&quot;:&quot;fadeIn&quot;}\">\n\t\t\t\t\t\t<div class=\"elementor-container elementor-column-gap-default\">\n\t\t\t\t\t\t\t<div class=\"elementor-row\">\n\t\t\t\t\t<div class=\"elementor-column elementor-col-33 elementor-top-column elementor-element elementor-element-0de7e6a\" data-id=\"0de7e6a\" data-element_type=\"column\">\n\t\t\t<div class=\"elementor-column-wrap elementor-element-populated\">\n\t\t\t\t\t\t\t<div class=\"elementor-widget-wrap\">\n\t\t\t\t\t\t<div class=\"elementor-element elementor-element-8ac2824 elementor-widget elementor-widget-image\" data-id=\"8ac2824\" data-element_type=\"widget\" data-widget_type=\"image.default\">\n\t\t\t\t<div class=\"elementor-widget-container\">\n\t\t\t\t\t\t\t\t<div class=\"elementor-image\">\n\t\t\t\t\t\t\t\t\t\t\t\t\t<a href=\"https:\/\/spomax.pl\/en\/rollers_for_industries\/\">\n\t\t\t\t\t\t\t<img src=\"https:\/\/spomax.pl\/wp-content\/uploads\/elementor\/thumbs\/walce-ovnjtc1gonhyn44ybcu57qywa2ry3s1ld38ueu4gyw.png\" title=\"walce\" alt=\"walce\" class=\"elementor-animation-grow\" \/>\t\t\t\t\t\t\t\t<\/a>\n\t\t\t\t\t\t\t\t\t\t\t\t\t\t<\/div>\n\t\t\t\t\t\t<\/div>\n\t\t\t\t<\/div>\n\t\t\t\t<div class=\"elementor-element elementor-element-565abcd elementor-widget elementor-widget-heading\" data-id=\"565abcd\" data-element_type=\"widget\" data-widget_type=\"heading.default\">\n\t\t\t\t<div class=\"elementor-widget-container\">\n\t\t\t<h4 class=\"elementor-heading-title elementor-size-default\">ROLLERS FOR THE FOOD AND CHEMICAL INDUSTRIES<\/h4>\t\t<\/div>\n\t\t\t\t<\/div>\n\t\t\t\t\t\t<\/div>\n\t\t\t\t\t<\/div>\n\t\t<\/div>\n\t\t\t\t<div class=\"elementor-column elementor-col-33 elementor-top-column elementor-element elementor-element-e88ca85\" data-id=\"e88ca85\" data-element_type=\"column\">\n\t\t\t<div class=\"elementor-column-wrap elementor-element-populated\">\n\t\t\t\t\t\t\t<div class=\"elementor-widget-wrap\">\n\t\t\t\t\t\t<div class=\"elementor-element elementor-element-14600fe elementor-widget elementor-widget-image\" data-id=\"14600fe\" data-element_type=\"widget\" data-widget_type=\"image.default\">\n\t\t\t\t<div class=\"elementor-widget-container\">\n\t\t\t\t\t\t\t\t<div class=\"elementor-image\">\n\t\t\t\t\t\t\t\t\t\t\t\t\t<a href=\"https:\/\/spomax.pl\/en\/audits_and_training\/\">\n\t\t\t\t\t\t\t<img src=\"https:\/\/spomax.pl\/wp-content\/uploads\/elementor\/thumbs\/serwis-ovnjps7ei107fq1t0yx9pybpamjst6kqk0slwo7c6g.png\" title=\"serwis\" alt=\"serwis\" class=\"elementor-animation-grow\" \/>\t\t\t\t\t\t\t\t<\/a>\n\t\t\t\t\t\t\t\t\t\t\t\t\t\t<\/div>\n\t\t\t\t\t\t<\/div>\n\t\t\t\t<\/div>\n\t\t\t\t<div class=\"elementor-element elementor-element-031212b elementor-widget elementor-widget-heading\" data-id=\"031212b\" data-element_type=\"widget\" data-widget_type=\"heading.default\">\n\t\t\t\t<div class=\"elementor-widget-container\">\n\t\t\t<h4 class=\"elementor-heading-title elementor-size-default\">SERVICE AND RECONSTRUCTION OF MACHINES<\/h4>\t\t<\/div>\n\t\t\t\t<\/div>\n\t\t\t\t\t\t<\/div>\n\t\t\t\t\t<\/div>\n\t\t<\/div>\n\t\t\t\t<div class=\"elementor-column elementor-col-33 elementor-top-column elementor-element elementor-element-21fe2bd\" data-id=\"21fe2bd\" data-element_type=\"column\">\n\t\t\t<div class=\"elementor-column-wrap elementor-element-populated\">\n\t\t\t\t\t\t\t<div class=\"elementor-widget-wrap\">\n\t\t\t\t\t\t<div class=\"elementor-element elementor-element-566f6ff elementor-widget elementor-widget-image\" data-id=\"566f6ff\" data-element_type=\"widget\" data-widget_type=\"image.default\">\n\t\t\t\t<div class=\"elementor-widget-container\">\n\t\t\t\t\t\t\t\t<div class=\"elementor-image\">\n\t\t\t\t\t\t\t\t\t\t\t\t\t<a href=\"https:\/\/spomax.pl\/en\/audits_and_training\/\">\n\t\t\t\t\t\t\t<img src=\"https:\/\/spomax.pl\/wp-content\/uploads\/elementor\/thumbs\/audyty-ovnio10scqycg04xii2cn67oiid9um28cn6p73daeg.png\" title=\"audyty\" alt=\"audyty\" class=\"elementor-animation-grow\" \/>\t\t\t\t\t\t\t\t<\/a>\n\t\t\t\t\t\t\t\t\t\t\t\t\t\t<\/div>\n\t\t\t\t\t\t<\/div>\n\t\t\t\t<\/div>\n\t\t\t\t<div class=\"elementor-element elementor-element-78a8b35 elementor-widget elementor-widget-heading\" data-id=\"78a8b35\" data-element_type=\"widget\" data-widget_type=\"heading.default\">\n\t\t\t\t<div class=\"elementor-widget-container\">\n\t\t\t<h4 class=\"elementor-heading-title elementor-size-default\">TECHNOLOGICAL AUDIT OF MILLS AND MILL TRAININGS<\/h4>\t\t<\/div>\n\t\t\t\t<\/div>\n\t\t\t\t\t\t<\/div>\n\t\t\t\t\t<\/div>\n\t\t<\/div>\n\t\t\t\t\t\t\t\t<\/div>\n\t\t\t\t\t<\/div>\n\t\t<\/section>\n\t\t\t\t\t\t<\/div>\n\t\t\t\t\t\t<\/div>\n\t\t\t\t\t<\/div>","protected":false},"excerpt":{"rendered":"<p>Specjalizacje PROJEKTOWANIE I BUDOWA KOMPLETNYCH SYSTEM\u00d3W M\u0141YNARSKICH WYPOSA\u017bENIE DLA PRZEMYS\u0141U SPO\u017bYWCZEGO, ENERGETYCZNEGO, CHEMICZNEGO ORAZ OCHRONY \u015aRODOWISKA DMUCHAWY ROOT&#8217;S WALCE DLA PRZEMYS\u0141U SPO\u017bYWCZEGO ORAZ CHEMICZNEGO SERWIS I ODBUDOWA MASZYN AUDYT TECHNOLOGICZNY M\u0141YN\u00d3W I SZKOLENIA M\u0141Y\u0143SKIE<\/p>","protected":false},"author":1,"featured_media":0,"parent":0,"menu_order":0,"comment_status":"closed","ping_status":"closed","template":"","meta":[],"_links":{"self":[{"href":"https:\/\/spomax.pl\/en\/wp-json\/wp\/v2\/pages\/9"}],"collection":[{"href":"https:\/\/spomax.pl\/en\/wp-json\/wp\/v2\/pages"}],"about":[{"href":"https:\/\/spomax.pl\/en\/wp-json\/wp\/v2\/types\/page"}],"author":[{"embeddable":true,"href":"https:\/\/spomax.pl\/en\/wp-json\/wp\/v2\/users\/1"}],"replies":[{"embeddable":true,"href":"https:\/\/spomax.pl\/en\/wp-json\/wp\/v2\/comments?post=9"}],"version-history":[{"count":285,"href":"https:\/\/spomax.pl\/en\/wp-json\/wp\/v2\/pages\/9\/revisions"}],"predecessor-version":[{"id":2961,"href":"https:\/\/spomax.pl\/en\/wp-json\/wp\/v2\/pages\/9\/revisions\/2961"}],"wp:attachment":[{"href":"https:\/\/spomax.pl\/en\/wp-json\/wp\/v2\/media?parent=9"}],"curies":[{"name":"wp","href":"https:\/\/api.w.org\/{rel}","templated":true}]}}