{"id":441,"date":"2018-11-26T12:47:06","date_gmt":"2018-11-26T12:47:06","guid":{"rendered":"http:\/\/localhost\/strona_sp\/contact\/"},"modified":"2024-02-20T08:30:40","modified_gmt":"2024-02-20T07:30:40","slug":"contact","status":"publish","type":"page","link":"https:\/\/spomax.pl\/en\/contact\/","title":{"rendered":"Contact"},"content":{"rendered":"<h1>Contact<\/h1>\n<h3>General contact<\/h3>\n<ul>\n<li>\n\t\t\t\t\t<a href=\"mailto:info@spomax.pl\"><br \/>\ninfo@spomax.pl<br \/>\n<\/a><\/li>\n<li>\n\t\t\t\t\t<a href=\"#\"><br \/>\n+48 62 592 17 17<br \/>\n<\/a><\/li>\n<\/ul>\n<h3>Office<\/h3>\n<ul>\n<li>\n\t\t\t\t\t<a href=\"mailto:info@spomax.pl\"><br \/>\nsekretariat@spomax.pl<br \/>\n<\/a><\/li>\n<li>\n\t\t\t\t\t<a href=\"#\"><br \/>\n+48 62 595 69 69<br \/>\n<\/a><\/li>\n<\/ul>\n<h3>Sales team<\/h3>\n<ul>\n<li>\n\t\t\t\t\t<a href=\"mailto:info@spomax.pl\"><br \/>\nsprzedaz@spomax.pl<br \/>\n<\/a><\/li>\n<li>\n\t\t\t\t\t<a href=\"#\"><br \/>\n+48 62 592 17 17<br \/>\n<\/a><\/li>\n<\/ul>\n<h3>Sprzeda\u017c dmuchaw root&#8217;s<\/h3>\n<ul>\n<li>\n\t\t\t\t\t<a href=\"mailto:jaroslaw.sciana@spomax.pl\"><br \/>\njaroslaw.sciana@spomax.pl<br \/>\n<\/a><\/li>\n<li>\n\t\t\t\t\t<a href=\"#+48%20514%20033%20983\"><br \/>\n+48 62 504 58 15<br \/>\n<\/a><\/li>\n<li>\n\t\t\t\t\t<a href=\"#+48%20514%20033%20983\"><br \/>\n+48 514 033 983<br \/>\n<\/a><\/li>\n<\/ul>\n<h2>Our sales team<\/h2>\n<h3>Laura Kochanek<\/h3>\n<p>PL, DE<br \/>\nSales specialist<br \/>\ntel.: +48 62 504 58 13<br \/>\ne-mail: laura.kochanek@spomax.pl<\/p>\n<h3>Micha\u0142 Czelusta<\/h3>\n<p>PL<br \/>\nSales specialist<br \/>\ntel.: +48 62 504 58 19<br \/>\ne-mail: michal.czelusta@spomax.pl<\/p>\n<h3>Jaros\u0142aw \u015aciana<\/h3>\n<p>PL<br \/>\nSales Specialist (Roots Blowers)<br \/>\ntel.: +48 62 504 58 15<br \/>\nmob.: +48 514 033 983<br \/>\ne-mail: jaroslaw.sciana@spomax.pl<\/p>\n<h3>\u0141ukasz Bart\u0142omiej<\/h3>\n<p>PL, ENG<br \/>\nSales department Manager<br \/>\ntel.: +48 62 595 69 98<br \/>\nmob.: +48 506 355 777<br \/>\ne-mail: lukasz.bartlomiej@spomax.pl<\/p>\n<p><iframe frameborder=\"0\" scrolling=\"no\" marginheight=\"0\" marginwidth=\"0\" src=\"https:\/\/maps.google.com\/maps?q=Kaliska%2061%20Ostr%C3%B3w%20Wielkopolski&amp;t=m&amp;z=14&amp;output=embed&amp;iwloc=near\" title=\"Kaliska 61 Ostr\u00f3w Wielkopolski\" aria-label=\"Kaliska 61 Ostr\u00f3w Wielkopolski\"><\/iframe><\/p>","protected":false},"excerpt":{"rendered":"<p>Kontakt Kontakt og\u00f3lny info@spomax.pl +48 62 592 17 17 Sekretariat sekretariat@spomax.pl +48 62 595 69 69 Zesp\u00f3\u0142 sprzeda\u017cy sprzedaz@spomax.pl +48 62 592 17 17 Sprzeda\u017c dmuchaw root&#8217;s jaroslaw.sciana@spomax.pl +48 62 504 58 15 +48 514 033 983 Nasz zesp\u00f3\u0142 sprzeda\u017cy Laura Kochanek PL, DE Specjalista ds. Sprzeda\u017cy tel.: +48 62 504 58 13 e-mail: laura.kochanek@spomax.pl &hellip;<\/p>\n<p class=\"read-more\"> <a class=\"\" href=\"https:\/\/spomax.pl\/en\/contact\/\"> <span class=\"screen-reader-text\">Contact<\/span> Read More &raquo;<\/a><\/p>","protected":false},"author":1,"featured_media":0,"parent":0,"menu_order":0,"comment_status":"closed","ping_status":"closed","template":"","meta":[],"_links":{"self":[{"href":"https:\/\/spomax.pl\/en\/wp-json\/wp\/v2\/pages\/441"}],"collection":[{"href":"https:\/\/spomax.pl\/en\/wp-json\/wp\/v2\/pages"}],"about":[{"href":"https:\/\/spomax.pl\/en\/wp-json\/wp\/v2\/types\/page"}],"author":[{"embeddable":true,"href":"https:\/\/spomax.pl\/en\/wp-json\/wp\/v2\/users\/1"}],"replies":[{"embeddable":true,"href":"https:\/\/spomax.pl\/en\/wp-json\/wp\/v2\/comments?post=441"}],"version-history":[{"count":247,"href":"https:\/\/spomax.pl\/en\/wp-json\/wp\/v2\/pages\/441\/revisions"}],"predecessor-version":[{"id":3452,"href":"https:\/\/spomax.pl\/en\/wp-json\/wp\/v2\/pages\/441\/revisions\/3452"}],"wp:attachment":[{"href":"https:\/\/spomax.pl\/en\/wp-json\/wp\/v2\/media?parent=441"}],"curies":[{"name":"wp","href":"https:\/\/api.w.org\/{rel}","templated":true}]}}