{"id":2412,"date":"2021-03-12T09:42:37","date_gmt":"2021-03-12T08:42:37","guid":{"rendered":"https:\/\/spomax.pl\/?page_id=2412"},"modified":"2021-09-02T11:03:46","modified_gmt":"2021-09-02T09:03:46","slug":"career","status":"publish","type":"page","link":"https:\/\/spomax.pl\/en\/career\/","title":{"rendered":"Career"},"content":{"rendered":"<div data-elementor-type=\"wp-page\" data-elementor-id=\"2412\" class=\"elementor elementor-2412\" data-elementor-settings=\"[]\">\n\t\t\t\t\t\t<div class=\"elementor-inner\">\n\t\t\t\t\t\t\t<div class=\"elementor-section-wrap\">\n\t\t\t\t\t\t\t<section class=\"elementor-section elementor-top-section elementor-element elementor-element-dbf3b3a elementor-section-content-middle elementor-section-full_width elementor-section-height-min-height elementor-section-height-default elementor-section-items-middle\" data-id=\"dbf3b3a\" data-element_type=\"section\" data-settings=\"{&quot;background_background&quot;:&quot;classic&quot;}\">\n\t\t\t\t\t\t\t<div class=\"elementor-background-overlay\"><\/div>\n\t\t\t\t\t\t\t<div class=\"elementor-container elementor-column-gap-no\">\n\t\t\t\t\t\t\t<div class=\"elementor-row\">\n\t\t\t\t\t<div class=\"elementor-column elementor-col-100 elementor-top-column elementor-element elementor-element-dd2668e\" data-id=\"dd2668e\" data-element_type=\"column\">\n\t\t\t<div class=\"elementor-column-wrap elementor-element-populated\">\n\t\t\t\t\t\t\t<div class=\"elementor-widget-wrap\">\n\t\t\t\t\t\t<div class=\"elementor-element elementor-element-b034c24 elementor-widget elementor-widget-heading\" data-id=\"b034c24\" data-element_type=\"widget\" data-widget_type=\"heading.default\">\n\t\t\t\t<div class=\"elementor-widget-container\">\n\t\t\t<h1 class=\"elementor-heading-title elementor-size-default\">KARIERA<\/h1>\t\t<\/div>\n\t\t\t\t<\/div>\n\t\t\t\t\t\t<\/div>\n\t\t\t\t\t<\/div>\n\t\t<\/div>\n\t\t\t\t\t\t\t\t<\/div>\n\t\t\t\t\t<\/div>\n\t\t<\/section>\n\t\t\t\t<section class=\"elementor-section elementor-top-section elementor-element elementor-element-7c1c0b3 elementor-section-boxed elementor-section-height-default elementor-section-height-default\" data-id=\"7c1c0b3\" data-element_type=\"section\">\n\t\t\t\t\t\t\t<div class=\"elementor-background-overlay\"><\/div>\n\t\t\t\t\t\t\t<div class=\"elementor-container elementor-column-gap-default\">\n\t\t\t\t\t\t\t<div class=\"elementor-row\">\n\t\t\t\t\t<div class=\"elementor-column elementor-col-100 elementor-top-column elementor-element elementor-element-93ddc0d\" data-id=\"93ddc0d\" data-element_type=\"column\">\n\t\t\t<div class=\"elementor-column-wrap elementor-element-populated\">\n\t\t\t\t\t\t\t<div class=\"elementor-widget-wrap\">\n\t\t\t\t\t\t<div class=\"elementor-element elementor-element-b7932ad elementor-widget elementor-widget-text-editor\" data-id=\"b7932ad\" data-element_type=\"widget\" data-widget_type=\"text-editor.default\">\n\t\t\t\t<div class=\"elementor-widget-container\">\n\t\t\t\t\t\t\t\t<div class=\"elementor-text-editor elementor-clearfix\">\n\t\t\t\t\t\t\t\t\t\t<\/div>\n\t\t\t\t\t\t<\/div>\n\t\t\t\t<\/div>\n\t\t\t\t<div class=\"elementor-element elementor-element-b9500aa elementor-widget elementor-widget-text-editor\" data-id=\"b9500aa\" data-element_type=\"widget\" data-widget_type=\"text-editor.default\">\n\t\t\t\t<div class=\"elementor-widget-container\">\n\t\t\t\t\t\t\t\t<div class=\"elementor-text-editor elementor-clearfix\">\n\t\t\t\t\t<p><\/p>\n<p style=\"margin-bottom: 0cm; line-height: 100%;\"><span style=\"color: #000000;\"><span style=\"font-family: Arial, sans-serif;\"><span style=\"font-size: small;\"><b><span style=\"background: #ffffff;\">Oferta na stanowisko: Automatyk &#8211;&nbsp;Programista&nbsp;PLC<\/span><\/b><\/span><\/span><\/span><\/p>\n<p><b><\/b><\/p>\n<p style=\"margin-bottom: 0cm; line-height: 100%;\">\n<\/p><p style=\"margin-bottom: 0.5cm; line-height: 100%;\"><span style=\"color: #000000;\"><span style=\"font-family: Arial, sans-serif;\"><span style=\"font-size: small;\"><span style=\"background: #ffffff;\">Opis stanowiska:<\/span><\/span><\/span><\/span><\/p>\n<ul>\n<li>\n<p style=\"margin-bottom: 0cm;\"><span style=\"color: #000000;\"><span style=\"font-family: Arial, sans-serif;\"><span style=\"font-size: small;\"><span style=\"background: #ffffff;\">Projektowanie i oprogramowywanie system\u00f3w zautomatyzowanych i aplikacji steruj\u0105cych w oparciu o sterowniki&nbsp;PLC&nbsp;i systemy SCADA,<\/span><\/span><\/span><\/span><\/p>\n<\/li>\n<li>\n<p style=\"margin-bottom: 0cm;\"><span style=\"color: #000000;\"><span style=\"font-family: Arial, sans-serif;\"><span style=\"font-size: small;\"><span style=\"background: #ffffff;\">Opracowanie i oprogramowanie paneli steruj\u0105cych,<\/span><\/span><\/span><\/span><\/p>\n<\/li>\n<li>\n<p style=\"margin-bottom: 0cm;\"><span style=\"color: #000000;\"><span style=\"font-family: Arial, sans-serif;\"><span style=\"font-size: small;\"><span style=\"background: #ffffff;\">Testowanie i symulacja programu oraz przeprowadzanie analizy b\u0142\u0119d\u00f3w,<\/span><\/span><\/span><\/span><\/p>\n<\/li>\n<li>\n<p style=\"margin-bottom: 0cm;\"><span style=\"color: #000000;\"><span style=\"font-family: Arial, sans-serif;\"><span style=\"font-size: small;\"><span style=\"background: #ffffff;\">Opracowywanie dokumentacji powykonawczej instalacji i oprogramowania.<\/span><\/span><\/span><\/span><\/p>\n<\/li>\n<\/ul>\n<p><span style=\"color: #000000;\"><span style=\"font-family: Arial, sans-serif;\"><span style=\"font-size: small;\"><span style=\"background: #ffffff;\">Wymagania:<\/span><\/span><\/span><\/span><\/p>\n<ul>\n<li>\n<p style=\"margin-bottom: 0cm;\"><span style=\"color: #000000;\"><span style=\"font-family: Arial, sans-serif;\"><span style=\"font-size: small;\"><span style=\"background: #ffffff;\">Wykszta\u0142cenie \u015brednie lub wy\u017csze techniczne w kierunku automatyka, mechatronika lub pokrewne,<\/span><\/span><\/span><\/span><\/p>\n<\/li>\n<li>\n<p style=\"margin-bottom: 0cm;\"><span style=\"color: #000000;\"><span style=\"font-family: Arial, sans-serif;\"><span style=\"font-size: small;\"><span style=\"background: #ffffff;\">Do\u015bwiadczenie w programowaniu sterownik\u00f3w&nbsp;PLC&nbsp;(SIEMENS, SCHNEIDER, B&amp;R),<\/span><\/span><\/span><\/span><\/p>\n<\/li>\n<li>\n<p style=\"margin-bottom: 0cm;\"><span style=\"color: #000000;\"><span style=\"font-family: Arial, sans-serif;\"><span style=\"font-size: small;\"><span style=\"background: #ffffff;\">Do\u015bwiadczenie i praktyczna wiedza z zakresu automatyki i system\u00f3w sterowania,<\/span><\/span><\/span><\/span><\/p>\n<\/li>\n<li>\n<p style=\"margin-bottom: 0cm;\"><span style=\"color: #000000;\"><span style=\"font-family: Arial, sans-serif;\"><span style=\"font-size: small;\"><span style=\"background: #ffffff;\">Komunikatywno\u015b\u0107, kreatywno\u015b\u0107 i umiej\u0119tno\u015b\u0107 samodzielnej pracy.<\/span><\/span><\/span><\/span><\/p>\n<\/li>\n<\/ul>\n<p style=\"margin-bottom: 0cm; line-height: 100%;\">\n<\/p><p align=\"center\"><span style=\"font-family: Arial, sans-serif;\"><span style=\"font-size: small;\">Zainteresowane osoby prosimy o przesy\u0142anie CV<\/span><\/span><\/p>\n<p style=\"margin-bottom: 0cm; line-height: 100%;\" align=\"center\"><span style=\"color: #000000;\"><span style=\"font-family: Arial, sans-serif;\"><span style=\"font-size: small;\">e-mail: praca@spomax.pl<\/span><\/span><\/span><\/p>\n<p style=\"margin-bottom: 0cm; line-height: 100%;\" align=\"center\"><span style=\"color: #000000;\"><span style=\"font-family: Arial, sans-serif;\"><span style=\"font-size: small;\">telefon: +48 62 592 17 17<\/span><\/span><\/span><\/p>\n<p><\/p>\n<p style=\"margin-bottom: 0cm; line-height: 100%\">\n<font color=\"#000000\"><font face=\"Arial, sans-serif\"><font style=\"font-size: 11pt\" size=\"2\"><b><span style=\"background: #ffffff\">Oferta\nna stanowisko: Elektromonter<\/span><\/b><\/font><\/font><\/font><\/p>\n<p style=\"margin-bottom: 0cm; line-height: 100%\"><br>\n\n<\/p>\n<p style=\"margin-bottom: 0.5cm; line-height: 100%\"><font color=\"#000000\"><font face=\"Arial, sans-serif\"><font style=\"font-size: 11pt\" size=\"2\"><span style=\"background: #ffffff\">Opis\nstanowiska:<\/span><\/font><\/font><\/font><\/p>\n<ul><li><p style=\"margin-bottom: 0cm; border: none; padding: 0cm; line-height: 130%; background: #ffffff\">\n\t<font color=\"#000000\"><font face=\"Arial, sans-serif\"><font style=\"font-size: 11pt\" size=\"2\"><span style=\"background: #ffffff\">Prefabrykacja\n\tszaf sterowniczych i rozdzielczych,<\/span><\/font><\/font><\/font><\/p>\n\t<\/li><li><p style=\"margin-bottom: 0cm; border: none; padding: 0cm; line-height: 130%; background: #ffffff\">\n\t<font color=\"#000000\"><font face=\"Arial, sans-serif\"><font style=\"font-size: 11pt\" size=\"2\"><span style=\"background: #ffffff\">Monta\u017c\n\tna obiektach: trasy kablowe, koryta, urz\u0105dzenia rozdzielcze, linie\n\tzasilaj\u0105ce,<\/span><\/font><\/font><\/font><\/p>\n\t<\/li><li><p style=\"margin-bottom: 0cm; border: none; padding: 0cm; line-height: 130%; background: #ffffff\">\n\t<font color=\"#000000\"><font face=\"Arial, sans-serif\"><font style=\"font-size: 11pt\" size=\"2\"><span style=\"background: #ffffff\">Wykonywanie\n\tinstalacji przemys\u0142owych,<\/span><\/font><\/font><\/font><\/p>\n\t<\/li><li><p style=\"margin-bottom: 0cm\"><font color=\"#000000\"><font face=\"Arial, sans-serif\"><font style=\"font-size: 11pt\" size=\"2\"><span style=\"background: #ffffff\">Monta\u017c\n\tsieci przemys\u0142owych sieci LAN.<\/span><\/font><\/font><\/font><br>\n\n\t<\/p>\n<\/li><\/ul>\n<p><font color=\"#000000\"><font face=\"Arial, sans-serif\"><font style=\"font-size: 11pt\" size=\"2\"><span style=\"background: #ffffff\">Wymagania:<\/span><\/font><\/font><\/font><\/p>\n<ul><li><p style=\"margin-bottom: 0cm; border: none; padding: 0cm; line-height: 130%; background: #ffffff\">\n\t<font color=\"#000000\"><font face=\"Arial, sans-serif\"><font style=\"font-size: 11pt\" size=\"2\"><span style=\"background: #ffffff\">Wykszta\u0142cenie\n\tzawodowe lub \u015brednie techniczne,<\/span><\/font><\/font><\/font><\/p>\n\t<\/li><li><p style=\"margin-bottom: 0cm; border: none; padding: 0cm; line-height: 130%; background: #ffffff\">\n\t<font color=\"#000000\"><font face=\"Arial, sans-serif\"><font style=\"font-size: 11pt\" size=\"2\"><span style=\"background: #ffffff\">Do\u015bwiadczenie\n\tw zakresie monta\u017cu szaf elektrycznych oraz teletechnicznych,<\/span><\/font><\/font><\/font><\/p>\n\t<\/li><li><p style=\"margin-bottom: 0cm; border: none; padding: 0cm; line-height: 130%; background: #ffffff\">\n\t<font color=\"#000000\"><font face=\"Arial, sans-serif\"><font style=\"font-size: 11pt\" size=\"2\"><span style=\"background: #ffffff\">Umiej\u0119tno\u015b\u0107\n\tpos\u0142ugiwania si\u0119 przyrz\u0105dami pomiarowymi, lutowniczymi i\n\tpodstawowymi narz\u0119dziami r\u0119cznymi,<\/span><\/font><\/font><\/font><\/p>\n\t<\/li><li><p style=\"margin-bottom: 0cm; border: none; padding: 0cm; line-height: 130%; background: #ffffff\">\n\t<font color=\"#000000\"><font face=\"Arial, sans-serif\"><font style=\"font-size: 11pt\" size=\"2\"><span style=\"background: #ffffff\">Umiej\u0119tno\u015b\u0107\n\tobs\u0142ugi komputera i znajomo\u015b\u0107 oprogramowania MS Windows i Office,<\/span><\/font><\/font><\/font><\/p>\n\t<\/li><li><p style=\"margin-bottom: 0cm; border: none; padding: 0cm; line-height: 130%; background: #ffffff\">\n\t<font color=\"#000000\"><font face=\"Arial, sans-serif\"><font style=\"font-size: 11pt\" size=\"2\"><span style=\"background: #ffffff\">Samodzielno\u015b\u0107\n\ti dok\u0142adno\u015b\u0107.<\/span><\/font><\/font><\/font><\/p>\n<\/li><\/ul>\n<p style=\"margin-bottom: 0cm; line-height: 100%\"><br>\n\n<\/p>\n<p style=\"margin-bottom: 0.5cm; line-height: 100%\"><font color=\"#000000\"><font face=\"Arial, sans-serif\"><font style=\"font-size: 11pt\" size=\"2\"><span style=\"background: #ffffff\">Mile\nwidziane:<\/span><\/font><\/font><\/font><\/p>\n<ul><li><p style=\"margin-bottom: 0cm; border: none; padding: 0cm; line-height: 130%; background: #ffffff\">\n\t<font color=\"#000000\"><font face=\"Tahoma, Arial, Helvetica, sans-serif\"><font style=\"font-size: 11pt\" size=\"2\"><span style=\"background: #ffffff\">Do\u015bwiadczenie\n\tw pracy na podobnym stanowisku,<\/span><\/font><\/font><\/font><\/p>\n\t<\/li><li><p style=\"margin-bottom: 0cm; border: none; padding: 0cm; line-height: 130%; background: #ffffff\">\n\t<font color=\"#000000\"><font face=\"Tahoma, Arial, Helvetica, sans-serif\"><font style=\"font-size: 11pt\" size=\"2\"><span style=\"background: #ffffff\">Znajomo\u015b\u0107\n\tobs\u0142ugi urz\u0105dze\u0144 pomiarowych,<\/span><\/font><\/font><\/font><\/p>\n\t<\/li><li><p style=\"margin-bottom: 0cm; border: none; padding: 0cm; line-height: 130%; background: #ffffff\">\n\t<font color=\"#000000\"><font face=\"Tahoma, Arial, Helvetica, sans-serif\"><font style=\"font-size: 11pt\" size=\"2\"><span style=\"background: #ffffff\">\u015awiadectwo\n\tkwalifikacji URE (SEP).<\/span><\/font><\/font><\/font><\/p>\n<\/li><\/ul>\n<p style=\"margin-bottom: 0cm\" align=\"left\"><br>\n\n<\/p>\n<p align=\"center\"><font face=\"Arial, sans-serif\"><font style=\"font-size: 11pt\" size=\"2\">Zainteresowane\nosoby prosimy o przesy\u0142anie CV<\/font><\/font><\/p>\n<p style=\"margin-bottom: 0cm; line-height: 100%\" align=\"center\"><font color=\"#000000\"><font face=\"Arial, sans-serif\"><font style=\"font-size: 11pt\" size=\"2\">e-mail:\npraca@spomax.pl<\/font><\/font><\/font><\/p>\n<p style=\"margin-bottom: 0cm; line-height: 100%\" align=\"center\"><font color=\"#000000\"><font face=\"Arial, sans-serif\"><font style=\"font-size: 11pt\" size=\"2\">telefon:\n+48 62 592 17 17<\/font><\/font><\/font><\/p>\n\n<p><br><\/p>\n<p><font color=\"#000000\"><font face=\"Arial, sans-serif\"><font style=\"font-size: 11pt\" size=\"2\"><span style=\"background: #ffffff\"><\/span><\/font><\/font><\/font><\/p>\t\t\t\t\t<\/div>\n\t\t\t\t\t\t<\/div>\n\t\t\t\t<\/div>\n\t\t\t\t\t\t<\/div>\n\t\t\t\t\t<\/div>\n\t\t<\/div>\n\t\t\t\t\t\t\t\t<\/div>\n\t\t\t\t\t<\/div>\n\t\t<\/section>\n\t\t\t\t<section class=\"elementor-section elementor-top-section elementor-element elementor-element-47584e3 elementor-section-boxed elementor-section-height-default elementor-section-height-default\" data-id=\"47584e3\" data-element_type=\"section\">\n\t\t\t\t\t\t<div class=\"elementor-container elementor-column-gap-default\">\n\t\t\t\t\t\t\t<div class=\"elementor-row\">\n\t\t\t\t\t<div class=\"elementor-column elementor-col-50 elementor-top-column elementor-element elementor-element-a03403b\" data-id=\"a03403b\" data-element_type=\"column\">\n\t\t\t<div class=\"elementor-column-wrap elementor-element-populated\">\n\t\t\t\t\t\t\t<div class=\"elementor-widget-wrap\">\n\t\t\t\t\t\t<div class=\"elementor-element elementor-element-f5a5f6e elementor-widget elementor-widget-text-editor\" data-id=\"f5a5f6e\" data-element_type=\"widget\" data-widget_type=\"text-editor.default\">\n\t\t\t\t<div class=\"elementor-widget-container\">\n\t\t\t\t\t\t\t\t<div class=\"elementor-text-editor elementor-clearfix\">\n\t\t\t\t\t\t\t\t\t\t<\/div>\n\t\t\t\t\t\t<\/div>\n\t\t\t\t<\/div>\n\t\t\t\t\t\t<\/div>\n\t\t\t\t\t<\/div>\n\t\t<\/div>\n\t\t\t\t<div class=\"elementor-column elementor-col-50 elementor-top-column elementor-element elementor-element-7bc5d1d\" data-id=\"7bc5d1d\" data-element_type=\"column\">\n\t\t\t<div class=\"elementor-column-wrap elementor-element-populated\">\n\t\t\t\t\t\t\t<div class=\"elementor-widget-wrap\">\n\t\t\t\t\t\t<div class=\"elementor-element elementor-element-841c868 elementor-widget elementor-widget-text-editor\" data-id=\"841c868\" data-element_type=\"widget\" data-widget_type=\"text-editor.default\">\n\t\t\t\t<div class=\"elementor-widget-container\">\n\t\t\t\t\t\t\t\t<div class=\"elementor-text-editor elementor-clearfix\">\n\t\t\t\t\t\t\t\t\t\t<\/div>\n\t\t\t\t\t\t<\/div>\n\t\t\t\t<\/div>\n\t\t\t\t\t\t<\/div>\n\t\t\t\t\t<\/div>\n\t\t<\/div>\n\t\t\t\t\t\t\t\t<\/div>\n\t\t\t\t\t<\/div>\n\t\t<\/section>\n\t\t\t\t\t\t<\/div>\n\t\t\t\t\t\t<\/div>\n\t\t\t\t\t<\/div>","protected":false},"excerpt":{"rendered":"<p>KARIERA Oferta na stanowisko: Automatyk &#8211;&nbsp;Programista&nbsp;PLC Opis stanowiska: Projektowanie i oprogramowywanie system\u00f3w zautomatyzowanych i aplikacji steruj\u0105cych w oparciu o sterowniki&nbsp;PLC&nbsp;i systemy SCADA, Opracowanie i oprogramowanie paneli steruj\u0105cych, Testowanie i symulacja programu oraz przeprowadzanie analizy b\u0142\u0119d\u00f3w, Opracowywanie dokumentacji powykonawczej instalacji i oprogramowania. Wymagania: Wykszta\u0142cenie \u015brednie lub wy\u017csze techniczne w kierunku automatyka, mechatronika lub pokrewne, Do\u015bwiadczenie w &hellip;<\/p>\n<p class=\"read-more\"> <a class=\"\" href=\"https:\/\/spomax.pl\/en\/career\/\"> <span class=\"screen-reader-text\">Career<\/span> Read More &raquo;<\/a><\/p>","protected":false},"author":2,"featured_media":0,"parent":0,"menu_order":0,"comment_status":"closed","ping_status":"closed","template":"","meta":[],"_links":{"self":[{"href":"https:\/\/spomax.pl\/en\/wp-json\/wp\/v2\/pages\/2412"}],"collection":[{"href":"https:\/\/spomax.pl\/en\/wp-json\/wp\/v2\/pages"}],"about":[{"href":"https:\/\/spomax.pl\/en\/wp-json\/wp\/v2\/types\/page"}],"author":[{"embeddable":true,"href":"https:\/\/spomax.pl\/en\/wp-json\/wp\/v2\/users\/2"}],"replies":[{"embeddable":true,"href":"https:\/\/spomax.pl\/en\/wp-json\/wp\/v2\/comments?post=2412"}],"version-history":[{"count":89,"href":"https:\/\/spomax.pl\/en\/wp-json\/wp\/v2\/pages\/2412\/revisions"}],"predecessor-version":[{"id":3041,"href":"https:\/\/spomax.pl\/en\/wp-json\/wp\/v2\/pages\/2412\/revisions\/3041"}],"wp:attachment":[{"href":"https:\/\/spomax.pl\/en\/wp-json\/wp\/v2\/media?parent=2412"}],"curies":[{"name":"wp","href":"https:\/\/api.w.org\/{rel}","templated":true}]}}