{"id":2054,"date":"2020-09-17T12:31:37","date_gmt":"2020-09-17T10:31:37","guid":{"rendered":"http:\/\/localhost\/spomax\/?page_id=2054"},"modified":"2020-09-22T10:22:04","modified_gmt":"2020-09-22T08:22:04","slug":"service","status":"publish","type":"page","link":"https:\/\/spomax.pl\/en\/service\/","title":{"rendered":"Service and reconstruction of machines"},"content":{"rendered":"<div data-elementor-type=\"wp-page\" data-elementor-id=\"2054\" class=\"elementor elementor-2054\" data-elementor-settings=\"[]\">\n\t\t\t\t\t\t<div class=\"elementor-inner\">\n\t\t\t\t\t\t\t<div class=\"elementor-section-wrap\">\n\t\t\t\t\t\t\t<section class=\"elementor-section elementor-top-section elementor-element elementor-element-ba65dfb elementor-section-content-middle elementor-section-boxed elementor-section-height-default elementor-section-height-default\" data-id=\"ba65dfb\" data-element_type=\"section\" data-settings=\"{&quot;background_background&quot;:&quot;classic&quot;}\">\n\t\t\t\t\t\t\t<div class=\"elementor-background-overlay\"><\/div>\n\t\t\t\t\t\t\t<div class=\"elementor-container elementor-column-gap-no\">\n\t\t\t\t\t\t\t<div class=\"elementor-row\">\n\t\t\t\t\t<div class=\"elementor-column elementor-col-100 elementor-top-column elementor-element elementor-element-defffb1\" data-id=\"defffb1\" data-element_type=\"column\">\n\t\t\t<div class=\"elementor-column-wrap elementor-element-populated\">\n\t\t\t\t\t\t\t<div class=\"elementor-widget-wrap\">\n\t\t\t\t\t\t<div class=\"elementor-element elementor-element-d177019 elementor-widget elementor-widget-heading\" data-id=\"d177019\" data-element_type=\"widget\" data-widget_type=\"heading.default\">\n\t\t\t\t<div class=\"elementor-widget-container\">\n\t\t\t<h1 class=\"elementor-heading-title elementor-size-xl\">SERVICE AND RECONSTRUCTION OF MACHINES<\/h1>\t\t<\/div>\n\t\t\t\t<\/div>\n\t\t\t\t\t\t<\/div>\n\t\t\t\t\t<\/div>\n\t\t<\/div>\n\t\t\t\t\t\t\t\t<\/div>\n\t\t\t\t\t<\/div>\n\t\t<\/section>\n\t\t\t\t<section class=\"elementor-section elementor-top-section elementor-element elementor-element-8cd15eb elementor-section-boxed elementor-section-height-default elementor-section-height-default\" data-id=\"8cd15eb\" data-element_type=\"section\" data-settings=\"{&quot;background_background&quot;:&quot;classic&quot;}\">\n\t\t\t\t\t\t<div class=\"elementor-container elementor-column-gap-default\">\n\t\t\t\t\t\t\t<div class=\"elementor-row\">\n\t\t\t\t\t<div class=\"elementor-column elementor-col-100 elementor-top-column elementor-element elementor-element-1487ebf\" data-id=\"1487ebf\" data-element_type=\"column\">\n\t\t\t<div class=\"elementor-column-wrap elementor-element-populated\">\n\t\t\t\t\t\t\t<div class=\"elementor-widget-wrap\">\n\t\t\t\t\t\t<div class=\"elementor-element elementor-element-67050da elementor-widget elementor-widget-heading\" data-id=\"67050da\" data-element_type=\"widget\" data-widget_type=\"heading.default\">\n\t\t\t\t<div class=\"elementor-widget-container\">\n\t\t\t<h3 class=\"elementor-heading-title elementor-size-default\">FP SPOMAX SA provides full technical support, warranty and post-warranty service for all machines and devices on offer. <\/h3>\t\t<\/div>\n\t\t\t\t<\/div>\n\t\t\t\t<div class=\"elementor-element elementor-element-cbe8384 elementor-widget elementor-widget-text-editor\" data-id=\"cbe8384\" data-element_type=\"widget\" data-widget_type=\"text-editor.default\">\n\t\t\t\t<div class=\"elementor-widget-container\">\n\t\t\t\t\t\t\t\t<div class=\"elementor-text-editor elementor-clearfix\">\n\t\t\t\t\t<p>FP SPOMAX SA provides full technical support, warranty and post-warranty service for all machines and devices on offer. Our specialists and qualified engineers will professionally address your needs and propose appropriate technical and service solutions. Machines and devices are covered by a 12-month warranty period, unless there are other provisions in the contract documents.\u00a0 <\/p><p>A warranty repair does not extend the period of the granted warranty, nor does it trigger a new warranty obligation.<br \/>The warranty does not cover repair activities related to normal wear and tear and those caused by force majeure or operation inconsistent with technical requirements. The warranty also does not cover damage or faults, the cause of which results from improper installation and non-compliance with the recommendations and instructions provided in the operating manual or the Technical and Start-up Documentation. In the post-warranty period, FP SPOMAX SA provides you with repair and maintenance of machines and devices manufactured by it, which will enable the maintenance of the equipment in proper condition. The company offers spare parts for all the machines it produces, which enables us to secure your own spare parts warehouse. On request, FP SPOMAX SA reviews technological lines made by other manufacturers. If necessary, it carries out renovations and repairs of entrusted machines.<\/p>\t\t\t\t\t<\/div>\n\t\t\t\t\t\t<\/div>\n\t\t\t\t<\/div>\n\t\t\t\t\t\t<\/div>\n\t\t\t\t\t<\/div>\n\t\t<\/div>\n\t\t\t\t\t\t\t\t<\/div>\n\t\t\t\t\t<\/div>\n\t\t<\/section>\n\t\t\t\t\t\t<\/div>\n\t\t\t\t\t\t<\/div>\n\t\t\t\t\t<\/div>","protected":false},"excerpt":{"rendered":"<p>SERWIS I ODBUDOWA MASZYN Firma FP SPOMAX SA zapewnia pe\u0142ne wsparcie techniczne, serwis gwarancyjny i pogwarancyjny wszystkich maszyn i urz\u0105dze\u0144 znajduj\u0105cych si\u0119 w ofercie. Firma FP SPOMAX SA zapewnia pe\u0142ne wsparcie techniczne, serwis gwarancyjny i pogwarancyjny wszystkich maszyn i urz\u0105dze\u0144 znajduj\u0105cych si\u0119 w ofercie. Nasi specjali\u015bci i wykwalifikowani in\u017cynierowie odnios\u0105 si\u0119 w spos\u00f3b profesjonalny do &hellip;<\/p>\n<p class=\"read-more\"> <a class=\"\" href=\"https:\/\/spomax.pl\/en\/service\/\"> <span class=\"screen-reader-text\">Service and reconstruction of machines<\/span> Read More &raquo;<\/a><\/p>","protected":false},"author":1,"featured_media":0,"parent":0,"menu_order":0,"comment_status":"closed","ping_status":"closed","template":"","meta":[],"_links":{"self":[{"href":"https:\/\/spomax.pl\/en\/wp-json\/wp\/v2\/pages\/2054"}],"collection":[{"href":"https:\/\/spomax.pl\/en\/wp-json\/wp\/v2\/pages"}],"about":[{"href":"https:\/\/spomax.pl\/en\/wp-json\/wp\/v2\/types\/page"}],"author":[{"embeddable":true,"href":"https:\/\/spomax.pl\/en\/wp-json\/wp\/v2\/users\/1"}],"replies":[{"embeddable":true,"href":"https:\/\/spomax.pl\/en\/wp-json\/wp\/v2\/comments?post=2054"}],"version-history":[{"count":17,"href":"https:\/\/spomax.pl\/en\/wp-json\/wp\/v2\/pages\/2054\/revisions"}],"predecessor-version":[{"id":2305,"href":"https:\/\/spomax.pl\/en\/wp-json\/wp\/v2\/pages\/2054\/revisions\/2305"}],"wp:attachment":[{"href":"https:\/\/spomax.pl\/en\/wp-json\/wp\/v2\/media?parent=2054"}],"curies":[{"name":"wp","href":"https:\/\/api.w.org\/{rel}","templated":true}]}}