{"id":1608,"date":"2020-09-10T10:35:41","date_gmt":"2020-09-10T08:35:41","guid":{"rendered":"http:\/\/localhost\/strona_sp\/?page_id=1608"},"modified":"2021-03-25T11:16:58","modified_gmt":"2021-03-25T10:16:58","slug":"rollers_for_industries","status":"publish","type":"page","link":"https:\/\/spomax.pl\/en\/rollers_for_industries\/","title":{"rendered":"Rollers for the food and chemical industry"},"content":{"rendered":"<div data-elementor-type=\"wp-page\" data-elementor-id=\"1608\" class=\"elementor elementor-1608\" data-elementor-settings=\"[]\">\n\t\t\t\t\t\t<div class=\"elementor-inner\">\n\t\t\t\t\t\t\t<div class=\"elementor-section-wrap\">\n\t\t\t\t\t\t\t<section class=\"elementor-section elementor-top-section elementor-element elementor-element-0ae3ea4 elementor-section-content-middle elementor-section-height-min-height elementor-section-boxed elementor-section-height-default elementor-section-items-middle\" data-id=\"0ae3ea4\" data-element_type=\"section\" data-settings=\"{&quot;background_background&quot;:&quot;classic&quot;}\">\n\t\t\t\t\t\t\t<div class=\"elementor-background-overlay\"><\/div>\n\t\t\t\t\t\t\t<div class=\"elementor-container elementor-column-gap-no\">\n\t\t\t\t\t\t\t<div class=\"elementor-row\">\n\t\t\t\t\t<div class=\"elementor-column elementor-col-100 elementor-top-column elementor-element elementor-element-b52893b elementor-invisible\" data-id=\"b52893b\" data-element_type=\"column\" data-settings=\"{&quot;animation&quot;:&quot;fadeIn&quot;}\">\n\t\t\t<div class=\"elementor-column-wrap elementor-element-populated\">\n\t\t\t\t\t\t\t<div class=\"elementor-widget-wrap\">\n\t\t\t\t\t\t<div class=\"elementor-element elementor-element-0bae38d elementor-widget elementor-widget-heading\" data-id=\"0bae38d\" data-element_type=\"widget\" data-widget_type=\"heading.default\">\n\t\t\t\t<div class=\"elementor-widget-container\">\n\t\t\t<h1 class=\"elementor-heading-title elementor-size-xl\">Rollers for the food and chemical industry<\/h1>\t\t<\/div>\n\t\t\t\t<\/div>\n\t\t\t\t\t\t<\/div>\n\t\t\t\t\t<\/div>\n\t\t<\/div>\n\t\t\t\t\t\t\t\t<\/div>\n\t\t\t\t\t<\/div>\n\t\t<\/section>\n\t\t\t\t<section class=\"elementor-section elementor-top-section elementor-element elementor-element-640ebe2 elementor-section-boxed elementor-section-height-default elementor-section-height-default\" data-id=\"640ebe2\" data-element_type=\"section\" data-settings=\"{&quot;background_background&quot;:&quot;classic&quot;}\">\n\t\t\t\t\t\t<div class=\"elementor-container elementor-column-gap-default\">\n\t\t\t\t\t\t\t<div class=\"elementor-row\">\n\t\t\t\t\t<div class=\"elementor-column elementor-col-100 elementor-top-column elementor-element elementor-element-75b6a64\" data-id=\"75b6a64\" data-element_type=\"column\">\n\t\t\t<div class=\"elementor-column-wrap elementor-element-populated\">\n\t\t\t\t\t\t\t<div class=\"elementor-widget-wrap\">\n\t\t\t\t\t\t<div class=\"elementor-element elementor-element-ac651d5 elementor-widget elementor-widget-heading\" data-id=\"ac651d5\" data-element_type=\"widget\" data-widget_type=\"heading.default\">\n\t\t\t\t<div class=\"elementor-widget-container\">\n\t\t\t<h3 class=\"elementor-heading-title elementor-size-default\">FP SPOMAX SA is one of the largest European suppliers of centrifugally cast rolls used in the grain and milling, food, oil and chemical industries.<\/h3>\t\t<\/div>\n\t\t\t\t<\/div>\n\t\t\t\t<div class=\"elementor-element elementor-element-5b1b848 elementor-widget elementor-widget-text-editor\" data-id=\"5b1b848\" data-element_type=\"widget\" data-widget_type=\"text-editor.default\">\n\t\t\t\t<div class=\"elementor-widget-container\">\n\t\t\t\t\t\t\t\t<div class=\"elementor-text-editor elementor-clearfix\">\n\t\t\t\t\t<p>For many years, the company has had a cast iron foundry on its premises, deals with the casting of rolls, sleeves, bodies, covers, cylinders, pivots, details on request and centrifugal casting of rolls. Manufactured rollers are used for grinding, grinding and crushing products of plant and mineral origin. The company offers over 1000 different rollers. The chemical composition of the rolls is strictly controlled during the casting process, and each casting has an individual number.<\/p>\t\t\t\t\t<\/div>\n\t\t\t\t\t\t<\/div>\n\t\t\t\t<\/div>\n\t\t\t\t<div class=\"elementor-element elementor-element-825f2b0 elementor-widget elementor-widget-text-editor\" data-id=\"825f2b0\" data-element_type=\"widget\" data-widget_type=\"text-editor.default\">\n\t\t\t\t<div class=\"elementor-widget-container\">\n\t\t\t\t\t\t\t\t<div class=\"elementor-text-editor elementor-clearfix\">\n\t\t\t\t\t<p>The centrifugal casting technology gives full control over the course of the casting process, ensuring a homogeneous structure of the hardened layer. As a result, FP SPOMAX SA offers a high-quality product that can be used for many years without losing the required operating parameters. Rollers are most often used in our mills, but also sold for devices from other manufacturers. FP SPOMAX SA produces grooved, self-roughening and smooth rollers. The rollers have a white layer thickness of 15-20 mm; diameter 150-600 mm; hardness: self-abrasive 380-430 HB, smooth and grooved 500-580 HB. FP SPOMAX SA also deals with roll regeneration (roll evaluation, roll grooving, journal replacement, grinding, sandblasting).<\/p>\t\t\t\t\t<\/div>\n\t\t\t\t\t\t<\/div>\n\t\t\t\t<\/div>\n\t\t\t\t\t\t<\/div>\n\t\t\t\t\t<\/div>\n\t\t<\/div>\n\t\t\t\t\t\t\t\t<\/div>\n\t\t\t\t\t<\/div>\n\t\t<\/section>\n\t\t\t\t\t\t<\/div>\n\t\t\t\t\t\t<\/div>\n\t\t\t\t\t<\/div>","protected":false},"excerpt":{"rendered":"<p>Walce dla przemys\u0142u spo\u017cywczego oraz chemicznego Firma FP SPOMAX SA jest jednym z najwi\u0119kszych w Europie dostawc\u00f3w walc\u00f3w odlewanych od\u015brodkowo stosowanych w przemy\u015ble zbo\u017cowo-m\u0142ynarskim, spo\u017cywczym, olejarskim i chemicznym. Firma od lat posiada na swoim terenie odlewni\u0119 \u017celiwa, kt\u00f3ra m.in. zajmuje si\u0119 odlewaniem rolek, r\u0119kaw\u00f3w, korpus\u00f3w, pokryw, cylindr\u00f3w, czop\u00f3w, detali na zam\u00f3wienie oraz od\u015brodkowym odlewaniem walc\u00f3w. &hellip;<\/p>\n<p class=\"read-more\"> <a class=\"\" href=\"https:\/\/spomax.pl\/en\/rollers_for_industries\/\"> <span class=\"screen-reader-text\">Rollers for the food and chemical industry<\/span> Read More &raquo;<\/a><\/p>","protected":false},"author":1,"featured_media":0,"parent":0,"menu_order":0,"comment_status":"closed","ping_status":"closed","template":"","meta":[],"_links":{"self":[{"href":"https:\/\/spomax.pl\/en\/wp-json\/wp\/v2\/pages\/1608"}],"collection":[{"href":"https:\/\/spomax.pl\/en\/wp-json\/wp\/v2\/pages"}],"about":[{"href":"https:\/\/spomax.pl\/en\/wp-json\/wp\/v2\/types\/page"}],"author":[{"embeddable":true,"href":"https:\/\/spomax.pl\/en\/wp-json\/wp\/v2\/users\/1"}],"replies":[{"embeddable":true,"href":"https:\/\/spomax.pl\/en\/wp-json\/wp\/v2\/comments?post=1608"}],"version-history":[{"count":40,"href":"https:\/\/spomax.pl\/en\/wp-json\/wp\/v2\/pages\/1608\/revisions"}],"predecessor-version":[{"id":2798,"href":"https:\/\/spomax.pl\/en\/wp-json\/wp\/v2\/pages\/1608\/revisions\/2798"}],"wp:attachment":[{"href":"https:\/\/spomax.pl\/en\/wp-json\/wp\/v2\/media?parent=1608"}],"curies":[{"name":"wp","href":"https:\/\/api.w.org\/{rel}","templated":true}]}}