{"id":1351,"date":"2020-09-07T12:53:48","date_gmt":"2020-09-07T10:53:48","guid":{"rendered":"http:\/\/localhost\/strona_sp\/?page_id=1351"},"modified":"2021-03-25T11:13:39","modified_gmt":"2021-03-25T10:13:39","slug":"roots_blowers","status":"publish","type":"page","link":"https:\/\/spomax.pl\/en\/roots_blowers\/","title":{"rendered":"Roots blowers"},"content":{"rendered":"<div data-elementor-type=\"wp-page\" data-elementor-id=\"1351\" class=\"elementor elementor-1351\" data-elementor-settings=\"[]\">\n\t\t\t\t\t\t<div class=\"elementor-inner\">\n\t\t\t\t\t\t\t<div class=\"elementor-section-wrap\">\n\t\t\t\t\t\t\t<section class=\"elementor-section elementor-top-section elementor-element elementor-element-5ff31a1 elementor-section-content-middle elementor-section-height-min-height elementor-section-boxed elementor-section-height-default elementor-section-items-middle\" data-id=\"5ff31a1\" data-element_type=\"section\" data-settings=\"{&quot;background_background&quot;:&quot;classic&quot;}\">\n\t\t\t\t\t\t\t<div class=\"elementor-background-overlay\"><\/div>\n\t\t\t\t\t\t\t<div class=\"elementor-container elementor-column-gap-no\">\n\t\t\t\t\t\t\t<div class=\"elementor-row\">\n\t\t\t\t\t<div class=\"elementor-column elementor-col-100 elementor-top-column elementor-element elementor-element-596f091\" data-id=\"596f091\" data-element_type=\"column\">\n\t\t\t<div class=\"elementor-column-wrap elementor-element-populated\">\n\t\t\t\t\t\t\t<div class=\"elementor-widget-wrap\">\n\t\t\t\t\t\t<div class=\"elementor-element elementor-element-aa93a0a elementor-widget elementor-widget-heading\" data-id=\"aa93a0a\" data-element_type=\"widget\" data-widget_type=\"heading.default\">\n\t\t\t\t<div class=\"elementor-widget-container\">\n\t\t\t<h1 class=\"elementor-heading-title elementor-size-xl\">ROOTS BLOWERS<\/h1>\t\t<\/div>\n\t\t\t\t<\/div>\n\t\t\t\t\t\t<\/div>\n\t\t\t\t\t<\/div>\n\t\t<\/div>\n\t\t\t\t\t\t\t\t<\/div>\n\t\t\t\t\t<\/div>\n\t\t<\/section>\n\t\t\t\t<section class=\"elementor-section elementor-top-section elementor-element elementor-element-18c3de2 elementor-section-boxed elementor-section-height-default elementor-section-height-default\" data-id=\"18c3de2\" data-element_type=\"section\" data-settings=\"{&quot;background_background&quot;:&quot;classic&quot;}\">\n\t\t\t\t\t\t<div class=\"elementor-container elementor-column-gap-default\">\n\t\t\t\t\t\t\t<div class=\"elementor-row\">\n\t\t\t\t\t<div class=\"elementor-column elementor-col-50 elementor-top-column elementor-element elementor-element-b341fbb\" data-id=\"b341fbb\" data-element_type=\"column\">\n\t\t\t<div class=\"elementor-column-wrap elementor-element-populated\">\n\t\t\t\t\t\t\t<div class=\"elementor-widget-wrap\">\n\t\t\t\t\t\t<div class=\"elementor-element elementor-element-833976a elementor-widget elementor-widget-heading\" data-id=\"833976a\" data-element_type=\"widget\" data-widget_type=\"heading.default\">\n\t\t\t\t<div class=\"elementor-widget-container\">\n\t\t\t<h3 class=\"elementor-heading-title elementor-size-default\">FP SPOMAX S.A. is the only Polish manufacturer of Roots blowers.<\/h3>\t\t<\/div>\n\t\t\t\t<\/div>\n\t\t\t\t<div class=\"elementor-element elementor-element-ea13d8c elementor-widget elementor-widget-text-editor\" data-id=\"ea13d8c\" data-element_type=\"widget\" data-widget_type=\"text-editor.default\">\n\t\t\t\t<div class=\"elementor-widget-container\">\n\t\t\t\t\t\t\t\t<div class=\"elementor-text-editor elementor-clearfix\">\n\t\t\t\t\t<p>FP SPOMAX SA is the only Polish manufacturer of Roots blowers. It offers high-quality products that have been appreciated by numerous customers. The company is a leading supplier of blowers on the Polish market. It also has a strong position in the US and Canada. Roots type blowers are positive displacement machines (with low pressures and high flows). They can work in the processes of compression (as a blower) and suction (as a vacuum pump). They are designed to generate continuous overpressure or underpressure of air or inert gases. They are used wherever the carrier of the transported material must be free from oil contamination.<br \/>FP SPOMAX SA supplies compression stages and complete blower units. The company offers blowers with capacity from 20 to 8460 [m3 \/ h] and pressure up to 1100 mbar. Depending on the size, the blowers are produced in many construction versions, in 15 sizes (from DR80 to DR1300) and with various equipment.<\/p>\t\t\t\t\t<\/div>\n\t\t\t\t\t\t<\/div>\n\t\t\t\t<\/div>\n\t\t\t\t\t\t<\/div>\n\t\t\t\t\t<\/div>\n\t\t<\/div>\n\t\t\t\t<div class=\"elementor-column elementor-col-50 elementor-top-column elementor-element elementor-element-aa4c7cc\" data-id=\"aa4c7cc\" data-element_type=\"column\">\n\t\t\t<div class=\"elementor-column-wrap elementor-element-populated\">\n\t\t\t\t\t\t\t<div class=\"elementor-widget-wrap\">\n\t\t\t\t\t\t<div class=\"elementor-element elementor-element-53ce702 elementor-widget elementor-widget-image\" data-id=\"53ce702\" data-element_type=\"widget\" data-widget_type=\"image.default\">\n\t\t\t\t<div class=\"elementor-widget-container\">\n\t\t\t\t\t\t\t\t<div class=\"elementor-image\">\n\t\t\t\t\t\t\t\t\t\t\t\t<img src=\"https:\/\/spomax.pl\/wp-content\/uploads\/elementor\/thumbs\/dmuchawa2-ovnjz6lfmqi352j9nm0vfd2ao07qfjl2ycrqrcdkkg.png\" title=\"dmuchawa2\" alt=\"dmuchawa2\" \/>\t\t\t\t\t\t\t\t\t\t\t\t\t\t<\/div>\n\t\t\t\t\t\t<\/div>\n\t\t\t\t<\/div>\n\t\t\t\t\t\t<\/div>\n\t\t\t\t\t<\/div>\n\t\t<\/div>\n\t\t\t\t\t\t\t\t<\/div>\n\t\t\t\t\t<\/div>\n\t\t<\/section>\n\t\t\t\t<section class=\"elementor-section elementor-top-section elementor-element elementor-element-989b6eb elementor-section-content-top elementor-section-boxed elementor-section-height-default elementor-section-height-default\" data-id=\"989b6eb\" data-element_type=\"section\" data-settings=\"{&quot;background_background&quot;:&quot;classic&quot;}\">\n\t\t\t\t\t\t<div class=\"elementor-container elementor-column-gap-default\">\n\t\t\t\t\t\t\t<div class=\"elementor-row\">\n\t\t\t\t\t<div class=\"elementor-column elementor-col-100 elementor-top-column elementor-element elementor-element-87f572f\" data-id=\"87f572f\" data-element_type=\"column\">\n\t\t\t<div class=\"elementor-column-wrap elementor-element-populated\">\n\t\t\t\t\t\t\t<div class=\"elementor-widget-wrap\">\n\t\t\t\t\t\t<div class=\"elementor-element elementor-element-4794d7f elementor-widget elementor-widget-heading\" data-id=\"4794d7f\" data-element_type=\"widget\" data-widget_type=\"heading.default\">\n\t\t\t\t<div class=\"elementor-widget-container\">\n\t\t\t<h3 class=\"elementor-heading-title elementor-size-default\">Currently blowers of the following types are produced:<\/h3>\t\t<\/div>\n\t\t\t\t<\/div>\n\t\t\t\t<div class=\"elementor-element elementor-element-73b201c elementor-widget elementor-widget-text-editor\" data-id=\"73b201c\" data-element_type=\"widget\" data-widget_type=\"text-editor.default\">\n\t\t\t\t<div class=\"elementor-widget-container\">\n\t\t\t\t\t\t\t\t<div class=\"elementor-text-editor elementor-clearfix\">\n\t\t\t\t\t<p>DR80, DR91, DR92, DR100, DR101, DR102, DR112, DR113, DR114, DR124, DR125, DR126, DR127,DR128, DR130, DR210, DR240, DR250, DR260, DR270, DR500, DR700, DR900, DR1100, DR1200, DR1300<\/p>\t\t\t\t\t<\/div>\n\t\t\t\t\t\t<\/div>\n\t\t\t\t<\/div>\n\t\t\t\t<div class=\"elementor-element elementor-element-266dfda elementor-widget elementor-widget-heading\" data-id=\"266dfda\" data-element_type=\"widget\" data-widget_type=\"heading.default\">\n\t\t\t\t<div class=\"elementor-widget-container\">\n\t\t\t<h3 class=\"elementor-heading-title elementor-size-default\">Manufactured blowers are used for:<\/h3>\t\t<\/div>\n\t\t\t\t<\/div>\n\t\t\t\t<div class=\"elementor-element elementor-element-9e2f6e6 elementor-widget elementor-widget-text-editor\" data-id=\"9e2f6e6\" data-element_type=\"widget\" data-widget_type=\"text-editor.default\">\n\t\t\t\t<div class=\"elementor-widget-container\">\n\t\t\t\t\t\t\t\t<div class=\"elementor-text-editor elementor-clearfix\">\n\t\t\t\t\t<ul><li>aeration of activated sludge chambers in sewage treatment plants<\/li><li>aeration of sand traps<\/li><li>water treatment apparatus<\/li><li>medicine: to increase pressure in normo-baric chambers<\/li><li>air supply to blast furnaces and lime burning<\/li><li>napowietrzania materia\u0142\u00f3w sypkich i z\u0142\u00f3\u017c fluidalnych<\/li><li>low-pressure pneumatic transport (pressing and suction) of loose materials (flour, cement, lime, biomass, PVC granules, ash, etc.)<\/li><li>central vacuum systems<\/li><li>vacuum systems in paper machines<\/li><li>suction and discharge systems of inert gases (in special versions, also aggressive and explosive)<\/li><li>aeration of fish ponds<\/li><li>blowing in combustion processes<\/li><li>vacuum drying systems<\/li><\/ul>\t\t\t\t\t<\/div>\n\t\t\t\t\t\t<\/div>\n\t\t\t\t<\/div>\n\t\t\t\t<div class=\"elementor-element elementor-element-1218d7d elementor-widget elementor-widget-heading\" data-id=\"1218d7d\" data-element_type=\"widget\" data-widget_type=\"heading.default\">\n\t\t\t\t<div class=\"elementor-widget-container\">\n\t\t\t<h3 class=\"elementor-heading-title elementor-size-default\">Standard delivery scope of the Roots-type blower unit:<\/h3>\t\t<\/div>\n\t\t\t\t<\/div>\n\t\t\t\t<div class=\"elementor-element elementor-element-75690b0 elementor-widget elementor-widget-text-editor\" data-id=\"75690b0\" data-element_type=\"widget\" data-widget_type=\"text-editor.default\">\n\t\t\t\t<div class=\"elementor-widget-container\">\n\t\t\t\t\t\t\t\t<div class=\"elementor-text-editor elementor-clearfix\">\n\t\t\t\t\t<ul><li>blower unit - compression ratio<\/li><li>electric engine<\/li><li>support frame with tensioning slide<\/li><li>belt transmission \/ clutch drive<\/li><li>gear casing (depending on the blower version)<\/li><li>air filter<\/li><li>inlet noise silencer<\/li><li>exhaust noise silencer<\/li><li>overload valve<\/li><li>check valve<\/li><\/ul>\t\t\t\t\t<\/div>\n\t\t\t\t\t\t<\/div>\n\t\t\t\t<\/div>\n\t\t\t\t<div class=\"elementor-element elementor-element-85820d6 elementor-widget elementor-widget-heading\" data-id=\"85820d6\" data-element_type=\"widget\" data-widget_type=\"heading.default\">\n\t\t\t\t<div class=\"elementor-widget-container\">\n\t\t\t<h3 class=\"elementor-heading-title elementor-size-default\">Firma FP SPOMAX S.A. produkuje r\u00f3wnie\u017c dmuchawy w wykonaniach specjalnych<\/h3>\t\t<\/div>\n\t\t\t\t<\/div>\n\t\t\t\t<section class=\"elementor-section elementor-inner-section elementor-element elementor-element-6e21861 elementor-section-boxed elementor-section-height-default elementor-section-height-default\" data-id=\"6e21861\" data-element_type=\"section\">\n\t\t\t\t\t\t<div class=\"elementor-container elementor-column-gap-default\">\n\t\t\t\t\t\t\t<div class=\"elementor-row\">\n\t\t\t\t\t<div class=\"elementor-column elementor-col-100 elementor-inner-column elementor-element elementor-element-7c3beec\" data-id=\"7c3beec\" data-element_type=\"column\">\n\t\t\t<div class=\"elementor-column-wrap elementor-element-populated\">\n\t\t\t\t\t\t\t<div class=\"elementor-widget-wrap\">\n\t\t\t\t\t\t<div class=\"elementor-element elementor-element-2f96332 elementor-widget elementor-widget-heading\" data-id=\"2f96332\" data-element_type=\"widget\" data-widget_type=\"heading.default\">\n\t\t\t\t<div class=\"elementor-widget-container\">\n\t\t\t<h3 class=\"elementor-heading-title elementor-size-medium\">Blower unit for explosive gases<\/h3>\t\t<\/div>\n\t\t\t\t<\/div>\n\t\t\t\t<div class=\"elementor-element elementor-element-56827d6 elementor-widget elementor-widget-text-editor\" data-id=\"56827d6\" data-element_type=\"widget\" data-widget_type=\"text-editor.default\">\n\t\t\t\t<div class=\"elementor-widget-container\">\n\t\t\t\t\t\t\t\t<div class=\"elementor-text-editor elementor-clearfix\">\n\t\t\t\t\t<p>It is designed for suction or delivery of e.g. methane, hydrogen or biogas. It is made in an explosion-proof version and equipped with special sealing solutions of the compression chamber, output of the driving piston and connections on the suction and discharge.<\/p>\t\t\t\t\t<\/div>\n\t\t\t\t\t\t<\/div>\n\t\t\t\t<\/div>\n\t\t\t\t<div class=\"elementor-element elementor-element-8f80ea3 elementor-widget elementor-widget-heading\" data-id=\"8f80ea3\" data-element_type=\"widget\" data-widget_type=\"heading.default\">\n\t\t\t\t<div class=\"elementor-widget-container\">\n\t\t\t<h3 class=\"elementor-heading-title elementor-size-medium\">Two-stage blower unit<\/h3>\t\t<\/div>\n\t\t\t\t<\/div>\n\t\t\t\t<div class=\"elementor-element elementor-element-c982509 elementor-widget elementor-widget-text-editor\" data-id=\"c982509\" data-element_type=\"widget\" data-widget_type=\"text-editor.default\">\n\t\t\t\t<div class=\"elementor-widget-container\">\n\t\t\t\t\t\t\t\t<div class=\"elementor-text-editor elementor-clearfix\">\n\t\t\t\t\t<p>Thanks to the use of two compression stages, a pressure increase of up to two bar is achieved.<\/p>\t\t\t\t\t<\/div>\n\t\t\t\t\t\t<\/div>\n\t\t\t\t<\/div>\n\t\t\t\t<div class=\"elementor-element elementor-element-8feec39 elementor-widget elementor-widget-heading\" data-id=\"8feec39\" data-element_type=\"widget\" data-widget_type=\"heading.default\">\n\t\t\t\t<div class=\"elementor-widget-container\">\n\t\t\t<h3 class=\"elementor-heading-title elementor-size-medium\">Blower unit with multi-storey construction<\/h3>\t\t<\/div>\n\t\t\t\t<\/div>\n\t\t\t\t<div class=\"elementor-element elementor-element-f0f849c elementor-widget elementor-widget-text-editor\" data-id=\"f0f849c\" data-element_type=\"widget\" data-widget_type=\"text-editor.default\">\n\t\t\t\t<div class=\"elementor-widget-container\">\n\t\t\t\t\t\t\t\t<div class=\"elementor-text-editor elementor-clearfix\">\n\t\t\t\t\t<p>There is a possibility of building two blowers in two levels. Stacked blowers can be equipped with soundproof covers appropriate to their design.<\/p>\t\t\t\t\t<\/div>\n\t\t\t\t\t\t<\/div>\n\t\t\t\t<\/div>\n\t\t\t\t<div class=\"elementor-element elementor-element-2165633 elementor-widget elementor-widget-heading\" data-id=\"2165633\" data-element_type=\"widget\" data-widget_type=\"heading.default\">\n\t\t\t\t<div class=\"elementor-widget-container\">\n\t\t\t<h3 class=\"elementor-heading-title elementor-size-medium\">Compression levels (blowers) for installation on tank trucks<\/h3>\t\t<\/div>\n\t\t\t\t<\/div>\n\t\t\t\t<div class=\"elementor-element elementor-element-328e927 elementor-widget elementor-widget-text-editor\" data-id=\"328e927\" data-element_type=\"widget\" data-widget_type=\"text-editor.default\">\n\t\t\t\t<div class=\"elementor-widget-container\">\n\t\t\t\t\t\t\t\t<div class=\"elementor-text-editor elementor-clearfix\">\n\t\t\t\t\t<p>They are used as overpressure or underpressure stations for pneumatic loading or unloading of road tankers transporting products such as: flour, grain, feed.<\/p>\t\t\t\t\t<\/div>\n\t\t\t\t\t\t<\/div>\n\t\t\t\t<\/div>\n\t\t\t\t<div class=\"elementor-element elementor-element-6437113 elementor-widget elementor-widget-heading\" data-id=\"6437113\" data-element_type=\"widget\" data-widget_type=\"heading.default\">\n\t\t\t\t<div class=\"elementor-widget-container\">\n\t\t\t<h3 class=\"elementor-heading-title elementor-size-medium\">Suction-pressure blower unit<\/h3>\t\t<\/div>\n\t\t\t\t<\/div>\n\t\t\t\t<div class=\"elementor-element elementor-element-7a77042 elementor-widget elementor-widget-text-editor\" data-id=\"7a77042\" data-element_type=\"widget\" data-widget_type=\"text-editor.default\">\n\t\t\t\t<div class=\"elementor-widget-container\">\n\t\t\t\t\t\t\t\t<div class=\"elementor-text-editor elementor-clearfix\">\n\t\t\t\t\t<p>Depending on the direction of rotation of the pistons, it can work as a suction or forcing and supply air to one or two independent pipelines. Used in technological processes requiring overpressure or underpressure up to 0.05MPa.<\/p>\t\t\t\t\t<\/div>\n\t\t\t\t\t\t<\/div>\n\t\t\t\t<\/div>\n\t\t\t\t\t\t<\/div>\n\t\t\t\t\t<\/div>\n\t\t<\/div>\n\t\t\t\t\t\t\t\t<\/div>\n\t\t\t\t\t<\/div>\n\t\t<\/section>\n\t\t\t\t<div class=\"elementor-element elementor-element-8d6d94e elementor-widget elementor-widget-heading\" data-id=\"8d6d94e\" data-element_type=\"widget\" data-widget_type=\"heading.default\">\n\t\t\t\t<div class=\"elementor-widget-container\">\n\t\t\t<h3 class=\"elementor-heading-title elementor-size-default\">Compact aggregates<\/h3>\t\t<\/div>\n\t\t\t\t<\/div>\n\t\t\t\t<div class=\"elementor-element elementor-element-7ae4cfa elementor-widget elementor-widget-text-editor\" data-id=\"7ae4cfa\" data-element_type=\"widget\" data-widget_type=\"text-editor.default\">\n\t\t\t\t<div class=\"elementor-widget-container\">\n\t\t\t\t\t\t\t\t<div class=\"elementor-text-editor elementor-clearfix\">\n\t\t\t\t\t<ul><li>modernized design<\/li><li>smaller dimensions<\/li><li>less energy consumption<\/li><li>automatic tensioning of drive belts<\/li><li>new structure of the sound-absorbing casing (easier assembly)<\/li><li>blower control module<\/li><\/ul><p>Firma FP SPOMAX S.A. oferuje tak\u017ce REMONTY remonty dmuchaw typu roots innych producent\u00f3w oraz serwis dmuchaw u klienta.<br \/>The company sells spare parts for blowers.<br \/>FP SPOMAX S.A. zapewnia r\u00f3wnie\u017c kompleksow\u0105 obs\u0142ug\u0119 obiekt\u00f3w.<\/p>\t\t\t\t\t<\/div>\n\t\t\t\t\t\t<\/div>\n\t\t\t\t<\/div>\n\t\t\t\t\t\t<\/div>\n\t\t\t\t\t<\/div>\n\t\t<\/div>\n\t\t\t\t\t\t\t\t<\/div>\n\t\t\t\t\t<\/div>\n\t\t<\/section>\n\t\t\t\t<section class=\"elementor-section elementor-top-section elementor-element elementor-element-1d8bcab elementor-section-boxed elementor-section-height-default elementor-section-height-default\" data-id=\"1d8bcab\" data-element_type=\"section\" data-settings=\"{&quot;background_background&quot;:&quot;classic&quot;}\">\n\t\t\t\t\t\t<div class=\"elementor-container elementor-column-gap-default\">\n\t\t\t\t\t\t\t<div class=\"elementor-row\">\n\t\t\t\t\t<div class=\"elementor-column elementor-col-50 elementor-top-column elementor-element elementor-element-48dc405\" data-id=\"48dc405\" data-element_type=\"column\">\n\t\t\t<div class=\"elementor-column-wrap elementor-element-populated\">\n\t\t\t\t\t\t\t<div class=\"elementor-widget-wrap\">\n\t\t\t\t\t\t<div class=\"elementor-element elementor-element-d68209d elementor-widget elementor-widget-heading\" data-id=\"d68209d\" data-element_type=\"widget\" data-widget_type=\"heading.default\">\n\t\t\t\t<div class=\"elementor-widget-container\">\n\t\t\t<h3 class=\"elementor-heading-title elementor-size-default\">Obudowa d\u017awi\u0119koch\u0142onna<\/h3>\t\t<\/div>\n\t\t\t\t<\/div>\n\t\t\t\t<div class=\"elementor-element elementor-element-b132976 elementor-widget elementor-widget-text-editor\" data-id=\"b132976\" data-element_type=\"widget\" data-widget_type=\"text-editor.default\">\n\t\t\t\t<div class=\"elementor-widget-container\">\n\t\t\t\t\t\t\t\t<div class=\"elementor-text-editor elementor-clearfix\">\n\t\t\t\t\t<p>Obudowa dzi\u0119ki swej konstrukcji wykorzystuj\u0105cej specjalne materia\u0142y d\u017awi\u0119koch\u0142onne oraz t\u0142umiki szczelinowe spe\u0142nia rol\u0119 izolatora d\u017awi\u0119k\u00f3w pracuj\u0105cej dmuchawy. Wentylator zapewnia w\u0142a\u015bciw\u0105 temperatur\u0119 pracy dmuchawy. W przypadku otwarcia zaworu przeci\u0105\u017ceniowego nast\u0119puje odprowadzenie uchodz\u0105cego z niego powietrza przez t\u0142umik szczelinowy poza os\u0142on\u0119. Proponowane os\u0142ony d\u017awi\u0119koch\u0142onne wyciszaj\u0105 prac\u0119 dmuchaw od 16+25 (\u00b12) dBA w zale\u017cno\u015bci od zastosowanych materia\u0142\u00f3w wyg\u0142uszaj\u0105cych.<\/p>\t\t\t\t\t<\/div>\n\t\t\t\t\t\t<\/div>\n\t\t\t\t<\/div>\n\t\t\t\t\t\t<\/div>\n\t\t\t\t\t<\/div>\n\t\t<\/div>\n\t\t\t\t<div class=\"elementor-column elementor-col-50 elementor-top-column elementor-element elementor-element-34b0305\" data-id=\"34b0305\" data-element_type=\"column\">\n\t\t\t<div class=\"elementor-column-wrap elementor-element-populated\">\n\t\t\t\t\t\t\t<div class=\"elementor-widget-wrap\">\n\t\t\t\t\t\t<div class=\"elementor-element elementor-element-ce22e0e elementor-widget elementor-widget-image\" data-id=\"ce22e0e\" data-element_type=\"widget\" data-widget_type=\"image.default\">\n\t\t\t\t<div class=\"elementor-widget-container\">\n\t\t\t\t\t\t\t\t<div class=\"elementor-image\">\n\t\t\t\t\t\t\t\t\t\t\t\t<img src=\"https:\/\/spomax.pl\/wp-content\/uploads\/elementor\/thumbs\/obudowa_dmuchawa-ovnk2nly42mmlx2q4mhgs4tjgngvezoxalwp6tqlcw.png\" title=\"obudowa_dmuchawa\" alt=\"obudowa_dmuchawa\" \/>\t\t\t\t\t\t\t\t\t\t\t\t\t\t<\/div>\n\t\t\t\t\t\t<\/div>\n\t\t\t\t<\/div>\n\t\t\t\t\t\t<\/div>\n\t\t\t\t\t<\/div>\n\t\t<\/div>\n\t\t\t\t\t\t\t\t<\/div>\n\t\t\t\t\t<\/div>\n\t\t<\/section>\n\t\t\t\t\t\t<\/div>\n\t\t\t\t\t\t<\/div>\n\t\t\t\t\t<\/div>","protected":false},"excerpt":{"rendered":"<p>DMUCHAWY ROOT&#8217;S FP SPOMAX SA jest jedynym polskim producentem dmuchaw typu Roots. FP SPOMAX SA jest jedynym polskim producentem dmuchaw typu Roots. Oferuje produkty wysokiej jako\u015bci, kt\u00f3re znalaz\u0142y uznanie licznych klient\u00f3w. Firma jest wiod\u0105cym dostawc\u0105 dmuchaw na rynek polski. Posiada tak\u017ce siln\u0105 pozycj\u0119 w USA i Kanadzie. Dmuchawy typu Roots&#8217;a s\u0105 maszynami wyporowymi (o niskich &hellip;<\/p>\n<p class=\"read-more\"> <a class=\"\" href=\"https:\/\/spomax.pl\/en\/roots_blowers\/\"> <span class=\"screen-reader-text\">Roots blowers<\/span> Read More &raquo;<\/a><\/p>","protected":false},"author":1,"featured_media":0,"parent":0,"menu_order":0,"comment_status":"closed","ping_status":"closed","template":"","meta":[],"_links":{"self":[{"href":"https:\/\/spomax.pl\/en\/wp-json\/wp\/v2\/pages\/1351"}],"collection":[{"href":"https:\/\/spomax.pl\/en\/wp-json\/wp\/v2\/pages"}],"about":[{"href":"https:\/\/spomax.pl\/en\/wp-json\/wp\/v2\/types\/page"}],"author":[{"embeddable":true,"href":"https:\/\/spomax.pl\/en\/wp-json\/wp\/v2\/users\/1"}],"replies":[{"embeddable":true,"href":"https:\/\/spomax.pl\/en\/wp-json\/wp\/v2\/comments?post=1351"}],"version-history":[{"count":96,"href":"https:\/\/spomax.pl\/en\/wp-json\/wp\/v2\/pages\/1351\/revisions"}],"predecessor-version":[{"id":2789,"href":"https:\/\/spomax.pl\/en\/wp-json\/wp\/v2\/pages\/1351\/revisions\/2789"}],"wp:attachment":[{"href":"https:\/\/spomax.pl\/en\/wp-json\/wp\/v2\/media?parent=1351"}],"curies":[{"name":"wp","href":"https:\/\/api.w.org\/{rel}","templated":true}]}}