{"id":1322,"date":"2020-09-07T10:31:06","date_gmt":"2020-09-07T08:31:06","guid":{"rendered":"http:\/\/localhost\/strona_sp\/?page_id=1322"},"modified":"2021-03-25T11:03:20","modified_gmt":"2021-03-25T10:03:20","slug":"equipment_for","status":"publish","type":"page","link":"https:\/\/spomax.pl\/en\/equipment_for\/","title":{"rendered":"Equipment for the food, energy, chemical and environmental protection industries"},"content":{"rendered":"<div data-elementor-type=\"wp-page\" data-elementor-id=\"1322\" class=\"elementor elementor-1322\" data-elementor-settings=\"[]\">\n\t\t\t\t\t\t<div class=\"elementor-inner\">\n\t\t\t\t\t\t\t<div class=\"elementor-section-wrap\">\n\t\t\t\t\t\t\t<section class=\"elementor-section elementor-top-section elementor-element elementor-element-573ee9e elementor-section-content-middle elementor-section-height-min-height elementor-section-boxed elementor-section-height-default elementor-section-items-middle\" data-id=\"573ee9e\" data-element_type=\"section\" data-settings=\"{&quot;background_background&quot;:&quot;classic&quot;}\">\n\t\t\t\t\t\t\t<div class=\"elementor-background-overlay\"><\/div>\n\t\t\t\t\t\t\t<div class=\"elementor-container elementor-column-gap-no\">\n\t\t\t\t\t\t\t<div class=\"elementor-row\">\n\t\t\t\t\t<div class=\"elementor-column elementor-col-100 elementor-top-column elementor-element elementor-element-19f5d86\" data-id=\"19f5d86\" data-element_type=\"column\">\n\t\t\t<div class=\"elementor-column-wrap elementor-element-populated\">\n\t\t\t\t\t\t\t<div class=\"elementor-widget-wrap\">\n\t\t\t\t\t\t<div class=\"elementor-element elementor-element-1fba362 elementor-widget elementor-widget-heading\" data-id=\"1fba362\" data-element_type=\"widget\" data-widget_type=\"heading.default\">\n\t\t\t\t<div class=\"elementor-widget-container\">\n\t\t\t<h1 class=\"elementor-heading-title elementor-size-xl\">EQUIPMENT FOR THE FOOD, ENERGY, CHEMICAL INDUSTRIES AND ENVIRONMENTAL PROTECTION<\/h1>\t\t<\/div>\n\t\t\t\t<\/div>\n\t\t\t\t\t\t<\/div>\n\t\t\t\t\t<\/div>\n\t\t<\/div>\n\t\t\t\t\t\t\t\t<\/div>\n\t\t\t\t\t<\/div>\n\t\t<\/section>\n\t\t\t\t<section class=\"elementor-section elementor-top-section elementor-element elementor-element-e80dfea elementor-section-content-top elementor-section-boxed elementor-section-height-default elementor-section-height-default\" data-id=\"e80dfea\" data-element_type=\"section\" data-settings=\"{&quot;background_background&quot;:&quot;classic&quot;}\">\n\t\t\t\t\t\t<div class=\"elementor-container elementor-column-gap-default\">\n\t\t\t\t\t\t\t<div class=\"elementor-row\">\n\t\t\t\t\t<div class=\"elementor-column elementor-col-50 elementor-top-column elementor-element elementor-element-6ec5815\" data-id=\"6ec5815\" data-element_type=\"column\">\n\t\t\t<div class=\"elementor-column-wrap elementor-element-populated\">\n\t\t\t\t\t\t\t<div class=\"elementor-widget-wrap\">\n\t\t\t\t\t\t<div class=\"elementor-element elementor-element-57a127a elementor-widget elementor-widget-heading\" data-id=\"57a127a\" data-element_type=\"widget\" data-widget_type=\"heading.default\">\n\t\t\t\t<div class=\"elementor-widget-container\">\n\t\t\t<h3 class=\"elementor-heading-title elementor-size-default\">The milling industry<\/h3>\t\t<\/div>\n\t\t\t\t<\/div>\n\t\t\t\t<div class=\"elementor-element elementor-element-79b9262 elementor-widget elementor-widget-text-editor\" data-id=\"79b9262\" data-element_type=\"widget\" data-widget_type=\"text-editor.default\">\n\t\t\t\t<div class=\"elementor-widget-container\">\n\t\t\t\t\t\t\t\t<div class=\"elementor-text-editor elementor-clearfix\">\n\t\t\t\t\t<p>FP SPOMAX SA produces machines and devices for the milling industry that are necessary in a complex production process. In order to obtain the best quality products in the milling industry, the company introduces the latest design solutions in machines and devices installed in the most important parts of the mill, such as: cleaning plant, proper mill, aspiration and pneumatic transport. Main grinding machines - roller mills are manufactured in several types based on own rolls, cast and processed on the company's premises. Sifting and sorting machines - square sifters are made as multi-section machines in several types and sizes.<\/p><p>The company also produces modern weighing devices for automatic weighing and mass counting in the transfer of flour and granular materials; micro-dispensers dosing precise micronutrients into flour; magnetic traps for cleaning products from ferromagnetic contamination; Roots blowers used to transport bulk materials using air filtering devices and much more.<\/p>\t\t\t\t\t<\/div>\n\t\t\t\t\t\t<\/div>\n\t\t\t\t<\/div>\n\t\t\t\t\t\t<\/div>\n\t\t\t\t\t<\/div>\n\t\t<\/div>\n\t\t\t\t<div class=\"elementor-column elementor-col-50 elementor-top-column elementor-element elementor-element-3a7e133\" data-id=\"3a7e133\" data-element_type=\"column\">\n\t\t\t<div class=\"elementor-column-wrap elementor-element-populated\">\n\t\t\t\t\t\t\t<div class=\"elementor-widget-wrap\">\n\t\t\t\t\t\t<div class=\"elementor-element elementor-element-2fabc00 elementor-widget elementor-widget-heading\" data-id=\"2fabc00\" data-element_type=\"widget\" data-widget_type=\"heading.default\">\n\t\t\t\t<div class=\"elementor-widget-container\">\n\t\t\t<h3 class=\"elementor-heading-title elementor-size-default\">Feed industry<\/h3>\t\t<\/div>\n\t\t\t\t<\/div>\n\t\t\t\t<div class=\"elementor-element elementor-element-16ed901 elementor-widget elementor-widget-text-editor\" data-id=\"16ed901\" data-element_type=\"widget\" data-widget_type=\"text-editor.default\">\n\t\t\t\t<div class=\"elementor-widget-container\">\n\t\t\t\t\t\t\t\t<div class=\"elementor-text-editor elementor-clearfix\">\n\t\t\t\t\t<p>FP SPOMAX SA produces machines for the fodder industry that participate in the fodder production process. The most important machines are roller mills, which have drive motors in the mill housing.<\/p>\t\t\t\t\t<\/div>\n\t\t\t\t\t\t<\/div>\n\t\t\t\t<\/div>\n\t\t\t\t<div class=\"elementor-element elementor-element-4d07c6e elementor-widget elementor-widget-heading\" data-id=\"4d07c6e\" data-element_type=\"widget\" data-widget_type=\"heading.default\">\n\t\t\t\t<div class=\"elementor-widget-container\">\n\t\t\t<h3 class=\"elementor-heading-title elementor-size-default\">Energy industry<\/h3>\t\t<\/div>\n\t\t\t\t<\/div>\n\t\t\t\t<div class=\"elementor-element elementor-element-1d3b324 elementor-widget elementor-widget-text-editor\" data-id=\"1d3b324\" data-element_type=\"widget\" data-widget_type=\"text-editor.default\">\n\t\t\t\t<div class=\"elementor-widget-container\">\n\t\t\t\t\t\t\t\t<div class=\"elementor-text-editor elementor-clearfix\">\n\t\t\t\t\t<p>For the energy industry, FP SPOMAX SA provides complete biomass processing lines based on the machines produced: dry stone separators removing stones and metal elements; double roller mill crushing biomass; electronic scales for weighing biomass; chain conveyors for mechanical transport; Roots type blowers for pneumatic transport of ground biomass and other auxiliary devices.<\/p>\t\t\t\t\t<\/div>\n\t\t\t\t\t\t<\/div>\n\t\t\t\t<\/div>\n\t\t\t\t<div class=\"elementor-element elementor-element-dc42cc4 elementor-widget elementor-widget-heading\" data-id=\"dc42cc4\" data-element_type=\"widget\" data-widget_type=\"heading.default\">\n\t\t\t\t<div class=\"elementor-widget-container\">\n\t\t\t<h3 class=\"elementor-heading-title elementor-size-default\">Environmental Protection<\/h3>\t\t<\/div>\n\t\t\t\t<\/div>\n\t\t\t\t<div class=\"elementor-element elementor-element-470d0cd elementor-widget elementor-widget-text-editor\" data-id=\"470d0cd\" data-element_type=\"widget\" data-widget_type=\"text-editor.default\">\n\t\t\t\t<div class=\"elementor-widget-container\">\n\t\t\t\t\t\t\t\t<div class=\"elementor-text-editor elementor-clearfix\">\n\t\t\t\t\t<p>FP SPOMAX S.A. is the only company in Poland to produce Roots blowers, which are successfully used in sewage treatment plants. There, the blowers air the sludge tanks, where the process of biological decomposition of organic compounds takes place. Another important application of Roots' blowers in environmental protection is the transport of biogas from landfills to devices generating electricity from biogas.<\/p>\t\t\t\t\t<\/div>\n\t\t\t\t\t\t<\/div>\n\t\t\t\t<\/div>\n\t\t\t\t\t\t<\/div>\n\t\t\t\t\t<\/div>\n\t\t<\/div>\n\t\t\t\t\t\t\t\t<\/div>\n\t\t\t\t\t<\/div>\n\t\t<\/section>\n\t\t\t\t\t\t<\/div>\n\t\t\t\t\t\t<\/div>\n\t\t\t\t\t<\/div>","protected":false},"excerpt":{"rendered":"<p>WYPOSA\u017bENIE DLA PRZEMYS\u0141U SPO\u017bYWCZEGO, ENERGETYCZNEGO, CHEMICZNEGO ORAZ OCHRONY \u015aRODOWISKA Przemys\u0142 m\u0142ynarski Firma FP SPOMAX SA produkuje dla przemys\u0142u m\u0142ynarskiego maszyny i urz\u0105dzenia, kt\u00f3re s\u0105 niezb\u0119dne w z\u0142o\u017conym procesie produkcyjnym. Aby uzyska\u0107 najlepszej, jako\u015bci produkty w przemy\u015ble m\u0142ynarskim firma wprowadza najnowsze rozwi\u0105zania konstrukcyjne w maszynach i urz\u0105dzeniach instalowanych w najwa\u017cniejszych dzia\u0142ach m\u0142yna jak: czyszczarnia, m\u0142yn w\u0142a\u015bciwy, &hellip;<\/p>\n<p class=\"read-more\"> <a class=\"\" href=\"https:\/\/spomax.pl\/en\/equipment_for\/\"> <span class=\"screen-reader-text\">Equipment for the food, energy, chemical and environmental protection industries<\/span> Read More &raquo;<\/a><\/p>","protected":false},"author":1,"featured_media":0,"parent":0,"menu_order":0,"comment_status":"closed","ping_status":"closed","template":"","meta":[],"_links":{"self":[{"href":"https:\/\/spomax.pl\/en\/wp-json\/wp\/v2\/pages\/1322"}],"collection":[{"href":"https:\/\/spomax.pl\/en\/wp-json\/wp\/v2\/pages"}],"about":[{"href":"https:\/\/spomax.pl\/en\/wp-json\/wp\/v2\/types\/page"}],"author":[{"embeddable":true,"href":"https:\/\/spomax.pl\/en\/wp-json\/wp\/v2\/users\/1"}],"replies":[{"embeddable":true,"href":"https:\/\/spomax.pl\/en\/wp-json\/wp\/v2\/comments?post=1322"}],"version-history":[{"count":34,"href":"https:\/\/spomax.pl\/en\/wp-json\/wp\/v2\/pages\/1322\/revisions"}],"predecessor-version":[{"id":2767,"href":"https:\/\/spomax.pl\/en\/wp-json\/wp\/v2\/pages\/1322\/revisions\/2767"}],"wp:attachment":[{"href":"https:\/\/spomax.pl\/en\/wp-json\/wp\/v2\/media?parent=1322"}],"curies":[{"name":"wp","href":"https:\/\/api.w.org\/{rel}","templated":true}]}}