{"id":1108,"date":"2020-08-30T22:16:16","date_gmt":"2020-08-30T20:16:16","guid":{"rendered":"http:\/\/localhost\/strona_sp\/?page_id=1108"},"modified":"2023-09-06T14:28:50","modified_gmt":"2023-09-06T12:28:50","slug":"roots","status":"publish","type":"page","link":"https:\/\/spomax.pl\/en\/roots\/","title":{"rendered":"Roots blowers"},"content":{"rendered":"<div data-elementor-type=\"wp-page\" data-elementor-id=\"1108\" class=\"elementor elementor-1108\" data-elementor-settings=\"[]\">\n\t\t\t\t\t\t<div class=\"elementor-inner\">\n\t\t\t\t\t\t\t<div class=\"elementor-section-wrap\">\n\t\t\t\t\t\t\t<section class=\"elementor-section elementor-top-section elementor-element elementor-element-ea235f5 elementor-section-content-middle elementor-section-height-min-height elementor-section-boxed elementor-section-height-default elementor-section-items-middle\" data-id=\"ea235f5\" data-element_type=\"section\" data-settings=\"{&quot;background_background&quot;:&quot;classic&quot;}\">\n\t\t\t\t\t\t\t<div class=\"elementor-background-overlay\"><\/div>\n\t\t\t\t\t\t\t<div class=\"elementor-container elementor-column-gap-no\">\n\t\t\t\t\t\t\t<div class=\"elementor-row\">\n\t\t\t\t\t<div class=\"elementor-column elementor-col-100 elementor-top-column elementor-element elementor-element-c99b019\" data-id=\"c99b019\" data-element_type=\"column\">\n\t\t\t<div class=\"elementor-column-wrap elementor-element-populated\">\n\t\t\t\t\t\t\t<div class=\"elementor-widget-wrap\">\n\t\t\t\t\t\t<div class=\"elementor-element elementor-element-af1115b elementor-widget elementor-widget-heading\" data-id=\"af1115b\" data-element_type=\"widget\" data-widget_type=\"heading.default\">\n\t\t\t\t<div class=\"elementor-widget-container\">\n\t\t\t<h2 class=\"elementor-heading-title elementor-size-default\">Roots blowers<\/h2>\t\t<\/div>\n\t\t\t\t<\/div>\n\t\t\t\t\t\t<\/div>\n\t\t\t\t\t<\/div>\n\t\t<\/div>\n\t\t\t\t\t\t\t\t<\/div>\n\t\t\t\t\t<\/div>\n\t\t<\/section>\n\t\t\t\t<section class=\"elementor-section elementor-top-section elementor-element elementor-element-c4be22f elementor-section-boxed elementor-section-height-default elementor-section-height-default\" data-id=\"c4be22f\" data-element_type=\"section\" data-settings=\"{&quot;background_background&quot;:&quot;classic&quot;}\">\n\t\t\t\t\t\t<div class=\"elementor-container elementor-column-gap-default\">\n\t\t\t\t\t\t\t<div class=\"elementor-row\">\n\t\t\t\t\t<div class=\"elementor-column elementor-col-100 elementor-top-column elementor-element elementor-element-337c03a\" data-id=\"337c03a\" data-element_type=\"column\">\n\t\t\t<div class=\"elementor-column-wrap elementor-element-populated\">\n\t\t\t\t\t\t\t<div class=\"elementor-widget-wrap\">\n\t\t\t\t\t\t<section class=\"elementor-section elementor-inner-section elementor-element elementor-element-a16a613 elementor-section-boxed elementor-section-height-default elementor-section-height-default\" data-id=\"a16a613\" data-element_type=\"section\">\n\t\t\t\t\t\t<div class=\"elementor-container elementor-column-gap-extended\">\n\t\t\t\t\t\t\t<div class=\"elementor-row\">\n\t\t\t\t\t<div class=\"elementor-column elementor-col-50 elementor-inner-column elementor-element elementor-element-bc39075\" data-id=\"bc39075\" data-element_type=\"column\">\n\t\t\t<div class=\"elementor-column-wrap elementor-element-populated\">\n\t\t\t\t\t\t\t<div class=\"elementor-widget-wrap\">\n\t\t\t\t\t\t<div class=\"elementor-element elementor-element-7b0104c elementor-widget elementor-widget-image\" data-id=\"7b0104c\" data-element_type=\"widget\" data-widget_type=\"image.default\">\n\t\t\t\t<div class=\"elementor-widget-container\">\n\t\t\t\t\t\t\t\t<div class=\"elementor-image\">\n\t\t\t\t\t\t\t\t\t\t\t\t<img src=\"https:\/\/spomax.pl\/wp-content\/uploads\/elementor\/thumbs\/Dmuchawy-typu-Roots-ovnio4s6bxvxcg57bgk1183vxe2dd5ovkydt9loxqo.png\" title=\"Roots type blowers\" alt=\"Dmuchawy typu Roots\" \/>\t\t\t\t\t\t\t\t\t\t\t\t\t\t<\/div>\n\t\t\t\t\t\t<\/div>\n\t\t\t\t<\/div>\n\t\t\t\t<div class=\"elementor-element elementor-element-0a71d86 elementor-widget elementor-widget-heading\" data-id=\"0a71d86\" data-element_type=\"widget\" data-widget_type=\"heading.default\">\n\t\t\t\t<div class=\"elementor-widget-container\">\n\t\t\t<h3 class=\"elementor-heading-title elementor-size-default\">Roots type blowers<\/h3>\t\t<\/div>\n\t\t\t\t<\/div>\n\t\t\t\t<div class=\"elementor-element elementor-element-f01d6d7 elementor-widget elementor-widget-text-editor\" data-id=\"f01d6d7\" data-element_type=\"widget\" data-widget_type=\"text-editor.default\">\n\t\t\t\t<div class=\"elementor-widget-container\">\n\t\t\t\t\t\t\t\t<div class=\"elementor-text-editor elementor-clearfix\">\n\t\t\t\t\t<p>Roots type blowers are designed for continuous generation of overpressure or vacuum of air or inert gases. There are used in pneumatic conveying systems, aeration of tanks in sewage plants - wherever the carrier of the transported material needs to be free from oil impurities.<\/p>\t\t\t\t\t<\/div>\n\t\t\t\t\t\t<\/div>\n\t\t\t\t<\/div>\n\t\t\t\t\t\t<\/div>\n\t\t\t\t\t<\/div>\n\t\t<\/div>\n\t\t\t\t<div class=\"elementor-column elementor-col-50 elementor-inner-column elementor-element elementor-element-88cbe53\" data-id=\"88cbe53\" data-element_type=\"column\">\n\t\t\t<div class=\"elementor-column-wrap elementor-element-populated\">\n\t\t\t\t\t\t\t<div class=\"elementor-widget-wrap\">\n\t\t\t\t\t\t<div class=\"elementor-element elementor-element-5cb324a elementor-widget elementor-widget-image\" data-id=\"5cb324a\" data-element_type=\"widget\" data-widget_type=\"image.default\">\n\t\t\t\t<div class=\"elementor-widget-container\">\n\t\t\t\t\t\t\t\t<div class=\"elementor-image\">\n\t\t\t\t\t\t\t\t\t\t\t\t<img src=\"https:\/\/spomax.pl\/wp-content\/uploads\/elementor\/thumbs\/Os\u0142ony-d\u017awi\u0119koch\u0142onne-OD-ovnmifr9xd7rmx8ypqquetoijedmxvr29i0scamk7k.png\" title=\"Acoustic hoods type OD\" alt=\"Os\u0142ony d\u017awi\u0119koch\u0142onne OD\" \/>\t\t\t\t\t\t\t\t\t\t\t\t\t\t<\/div>\n\t\t\t\t\t\t<\/div>\n\t\t\t\t<\/div>\n\t\t\t\t<div class=\"elementor-element elementor-element-3b7627f elementor-widget elementor-widget-heading\" data-id=\"3b7627f\" data-element_type=\"widget\" data-widget_type=\"heading.default\">\n\t\t\t\t<div class=\"elementor-widget-container\">\n\t\t\t<h3 class=\"elementor-heading-title elementor-size-default\">Acoustic hoods type OD<\/h3>\t\t<\/div>\n\t\t\t\t<\/div>\n\t\t\t\t<div class=\"elementor-element elementor-element-0349204 elementor-widget elementor-widget-text-editor\" data-id=\"0349204\" data-element_type=\"widget\" data-widget_type=\"text-editor.default\">\n\t\t\t\t<div class=\"elementor-widget-container\">\n\t\t\t\t\t\t\t\t<div class=\"elementor-text-editor elementor-clearfix\">\n\t\t\t\t\t<p>Os\u0142ony d\u017awi\u0119koch\u0142onne OD stosowane s\u0105 do wyciszania pracy dmuchaw typu Roots. Os\u0142ony mog\u0105 by\u0107 instalowane w pomieszczeniach zamkni\u0119tych jak r\u00f3wnie\u017c w terenie otwartym. Os\u0142ony umo\u017cliwiaj\u0105 redukcj\u0119 emisji d\u017awi\u0119ku.<\/p>\t\t\t\t\t<\/div>\n\t\t\t\t\t\t<\/div>\n\t\t\t\t<\/div>\n\t\t\t\t\t\t<\/div>\n\t\t\t\t\t<\/div>\n\t\t<\/div>\n\t\t\t\t\t\t\t\t<\/div>\n\t\t\t\t\t<\/div>\n\t\t<\/section>\n\t\t\t\t\t\t<\/div>\n\t\t\t\t\t<\/div>\n\t\t<\/div>\n\t\t\t\t\t\t\t\t<\/div>\n\t\t\t\t\t<\/div>\n\t\t<\/section>\n\t\t\t\t\t\t<\/div>\n\t\t\t\t\t\t<\/div>\n\t\t\t\t\t<\/div>","protected":false},"excerpt":{"rendered":"<p>Dmuchawy root&#8217;s Dmuchawy typu Roots Dmuchawy typu Roots s\u0105 przeznaczone do wytwarzania ci\u0105g\u0142ego nadci\u015bnienia lub podci\u015bnienia powietrza lub gaz\u00f3w oboj\u0119tnych. Stosowane do transportu pneumatycznego zapewniaj\u0105, \u017ce no\u015bnik transportowego materia\u0142u jest wolny od zanieczyszcze\u0144 olejowych. Dmuchawy stosowane s\u0105 tak\u017ce do napowietrzania osadnik\u00f3w w oczyszczalniach \u015bciek\u00f3w. Os\u0142ony d\u017awi\u0119koch\u0142onne OD Os\u0142ony d\u017awi\u0119koch\u0142onne OD stosowane s\u0105 do wyciszania pracy &hellip;<\/p>\n<p class=\"read-more\"> <a class=\"\" href=\"https:\/\/spomax.pl\/en\/roots\/\"> <span class=\"screen-reader-text\">Roots blowers<\/span> Read More &raquo;<\/a><\/p>","protected":false},"author":1,"featured_media":0,"parent":0,"menu_order":0,"comment_status":"closed","ping_status":"closed","template":"","meta":[],"_links":{"self":[{"href":"https:\/\/spomax.pl\/en\/wp-json\/wp\/v2\/pages\/1108"}],"collection":[{"href":"https:\/\/spomax.pl\/en\/wp-json\/wp\/v2\/pages"}],"about":[{"href":"https:\/\/spomax.pl\/en\/wp-json\/wp\/v2\/types\/page"}],"author":[{"embeddable":true,"href":"https:\/\/spomax.pl\/en\/wp-json\/wp\/v2\/users\/1"}],"replies":[{"embeddable":true,"href":"https:\/\/spomax.pl\/en\/wp-json\/wp\/v2\/comments?post=1108"}],"version-history":[{"count":36,"href":"https:\/\/spomax.pl\/en\/wp-json\/wp\/v2\/pages\/1108\/revisions"}],"predecessor-version":[{"id":3446,"href":"https:\/\/spomax.pl\/en\/wp-json\/wp\/v2\/pages\/1108\/revisions\/3446"}],"wp:attachment":[{"href":"https:\/\/spomax.pl\/en\/wp-json\/wp\/v2\/media?parent=1108"}],"curies":[{"name":"wp","href":"https:\/\/api.w.org\/{rel}","templated":true}]}}